{"id":81228,"date":"2025-11-11T23:14:29","date_gmt":"2025-11-11T22:14:29","guid":{"rendered":"https:\/\/www.ernstbrunn-apotheke.at\/katalog\/produkt\/madara-cloudberry-and-oat-hydrating-100-ml-lotion\/"},"modified":"2025-12-08T19:17:57","modified_gmt":"2025-12-08T18:17:57","slug":"madara-cloudberry-and-oat-hydrating-100-ml-lotion","status":"publish","type":"product","link":"https:\/\/www.ernstbrunn-apotheke.at\/katalog\/produkt\/madara-cloudberry-and-oat-hydrating-100-ml-lotion\/","title":{"rendered":"Madara Cloudberry and Oat Hydrating 100 ml Lotion"},"content":{"rendered":"<p>Madara Cloudberry and Oat Hydrating Lotion wurde extra f\u00fcr Kinder entwickelt und ist daher besonders zart zu sensibler Haut. Die leicht aufzutragende Lotion n\u00e4hrt die Haut Ihres Lieblings intensiv und sorgt f\u00fcr eine ausreichende Hydratation. N\u00e4hrstoffreiche Hafermilch macht die Haut geschmeidig und samtweich, das \u00d6l aus den Samen der nordischen Moltbeere ist sehr Omega-reich und repariert die Hautbarriere.<\/p>\n","protected":false},"excerpt":{"rendered":"<p>Madara Cloudberry and Oat Hydrating Lotion wurde extra f\u00fcr Kinder entwickelt und ist daher besonders zart zu sensibler Haut. Die leicht aufzutragende Lotion n\u00e4hrt die Haut Ihres Lieblings intensiv und sorgt f\u00fcr eine ausreichende Hydratation. N\u00e4hrstoffreiche Hafermilch macht die Haut geschmeidig und samtweich, das \u00d6l aus den Samen der nordischen Moltbeere ist sehr Omega-reich und [&hellip;]<\/p>\n","protected":false},"featured_media":81230,"template":"","meta":{"_acf_changed":false},"product_brand":[1253],"product_cat":[800],"product_tag":[],"class_list":{"0":"post-81228","1":"product","2":"type-product","3":"status-publish","4":"has-post-thumbnail","6":"product_brand-madara","7":"product_cat-m","8":"pa_packungsgroesse-100ml","10":"first","11":"instock","12":"shipping-taxable","13":"purchasable","14":"product-type-simple"},"acf":[],"_links":{"self":[{"href":"https:\/\/www.ernstbrunn-apotheke.at\/katalog\/wp-json\/wp\/v2\/product\/81228","targetHints":{"allow":["GET"]}}],"collection":[{"href":"https:\/\/www.ernstbrunn-apotheke.at\/katalog\/wp-json\/wp\/v2\/product"}],"about":[{"href":"https:\/\/www.ernstbrunn-apotheke.at\/katalog\/wp-json\/wp\/v2\/types\/product"}],"wp:featuredmedia":[{"embeddable":true,"href":"https:\/\/www.ernstbrunn-apotheke.at\/katalog\/wp-json\/wp\/v2\/media\/81230"}],"wp:attachment":[{"href":"https:\/\/www.ernstbrunn-apotheke.at\/katalog\/wp-json\/wp\/v2\/media?parent=81228"}],"wp:term":[{"taxonomy":"product_brand","embeddable":true,"href":"https:\/\/www.ernstbrunn-apotheke.at\/katalog\/wp-json\/wp\/v2\/product_brand?post=81228"},{"taxonomy":"product_cat","embeddable":true,"href":"https:\/\/www.ernstbrunn-apotheke.at\/katalog\/wp-json\/wp\/v2\/product_cat?post=81228"},{"taxonomy":"product_tag","embeddable":true,"href":"https:\/\/www.ernstbrunn-apotheke.at\/katalog\/wp-json\/wp\/v2\/product_tag?post=81228"}],"curies":[{"name":"wp","href":"https:\/\/api.w.org\/{rel}","templated":true}]}}