{"id":81218,"date":"2025-11-11T23:14:29","date_gmt":"2025-11-11T22:14:29","guid":{"rendered":"https:\/\/www.ernstbrunn-apotheke.at\/katalog\/produkt\/anis-375mg-kapseln\/"},"modified":"2025-12-08T19:17:55","modified_gmt":"2025-12-08T18:17:55","slug":"anis-375mg-kapseln","status":"publish","type":"product","link":"https:\/\/www.ernstbrunn-apotheke.at\/katalog\/produkt\/anis-375mg-kapseln\/","title":{"rendered":"Anis 375mg Kapseln"},"content":{"rendered":"<p>Gall Pharma Anis 375 mg Kapseln 60 Stk. enthalten 375 mg eines Anisfrucht Extraktes aus Pimpinella anisum in einer Hartgelatinekapsel. Das \u00e4therische \u00d6l in den Fr\u00fcchten wirkt schleiml\u00f6send und hilft daher bei Husten und Schnupfen. Bei Bl\u00e4hungen und V\u00f6llegef\u00fchl wirkt es krampfl\u00f6send und regt die Verdauung an.<\/p>\n","protected":false},"excerpt":{"rendered":"<p>Gall Pharma Anis 375 mg Kapseln 60 Stk. enthalten 375 mg eines Anisfrucht Extraktes aus Pimpinella anisum in einer Hartgelatinekapsel. Das \u00e4therische \u00d6l in den Fr\u00fcchten wirkt schleiml\u00f6send und hilft daher bei Husten und Schnupfen. Bei Bl\u00e4hungen und V\u00f6llegef\u00fchl wirkt es krampfl\u00f6send und regt die Verdauung an.<\/p>\n","protected":false},"featured_media":81220,"template":"","meta":{"_acf_changed":false},"product_brand":[371],"product_cat":[801],"product_tag":[],"class_list":{"0":"post-81218","1":"product","2":"type-product","3":"status-publish","4":"has-post-thumbnail","6":"product_brand-gall-pharma","7":"product_cat-a","8":"pa_packungsgroesse-60-stueck","10":"first","11":"instock","12":"shipping-taxable","13":"purchasable","14":"product-type-simple"},"acf":[],"_links":{"self":[{"href":"https:\/\/www.ernstbrunn-apotheke.at\/katalog\/wp-json\/wp\/v2\/product\/81218","targetHints":{"allow":["GET"]}}],"collection":[{"href":"https:\/\/www.ernstbrunn-apotheke.at\/katalog\/wp-json\/wp\/v2\/product"}],"about":[{"href":"https:\/\/www.ernstbrunn-apotheke.at\/katalog\/wp-json\/wp\/v2\/types\/product"}],"wp:featuredmedia":[{"embeddable":true,"href":"https:\/\/www.ernstbrunn-apotheke.at\/katalog\/wp-json\/wp\/v2\/media\/81220"}],"wp:attachment":[{"href":"https:\/\/www.ernstbrunn-apotheke.at\/katalog\/wp-json\/wp\/v2\/media?parent=81218"}],"wp:term":[{"taxonomy":"product_brand","embeddable":true,"href":"https:\/\/www.ernstbrunn-apotheke.at\/katalog\/wp-json\/wp\/v2\/product_brand?post=81218"},{"taxonomy":"product_cat","embeddable":true,"href":"https:\/\/www.ernstbrunn-apotheke.at\/katalog\/wp-json\/wp\/v2\/product_cat?post=81218"},{"taxonomy":"product_tag","embeddable":true,"href":"https:\/\/www.ernstbrunn-apotheke.at\/katalog\/wp-json\/wp\/v2\/product_tag?post=81218"}],"curies":[{"name":"wp","href":"https:\/\/api.w.org\/{rel}","templated":true}]}}