{"id":8121,"date":"2025-11-07T13:37:07","date_gmt":"2025-11-07T12:37:07","guid":{"rendered":"https:\/\/www.ernstbrunn-apotheke.at\/katalog\/produkt\/igel-augentropfen\/"},"modified":"2025-12-08T13:24:56","modified_gmt":"2025-12-08T12:24:56","slug":"igel-augentropfen","status":"publish","type":"product","link":"https:\/\/www.ernstbrunn-apotheke.at\/katalog\/produkt\/igel-augentropfen\/","title":{"rendered":"IGEL Augentropfen"},"content":{"rendered":"<p>iGel Augentropfen eignen sich zur Linderung der Beschwerden trockener Augen. Sie bilden ein steriles, konservierungsmittelfreies, viskoelastisches, klares Schutzschild f\u00fcr die Hornhaut und bestehen ausschlie\u00dflich aus nat\u00fcrlichen, biologischen Substanzen. Au\u00dferdem sch\u00fctzen und befeuchten sie die Augenoberfl\u00e4che und machen sie gleitf\u00e4hig.<\/p>\n","protected":false},"excerpt":{"rendered":"<p>iGel Augentropfen eignen sich zur Linderung der Beschwerden trockener Augen. Sie bilden ein steriles, konservierungsmittelfreies, viskoelastisches, klares Schutzschild f\u00fcr die Hornhaut und bestehen ausschlie\u00dflich aus nat\u00fcrlichen, biologischen Substanzen. Au\u00dferdem sch\u00fctzen und befeuchten sie die Augenoberfl\u00e4che und machen sie gleitf\u00e4hig.<\/p>\n","protected":false},"featured_media":8123,"template":"","meta":{"_acf_changed":false},"product_brand":[],"product_cat":[823],"product_tag":[],"class_list":{"0":"post-8121","1":"product","2":"type-product","3":"status-publish","4":"has-post-thumbnail","6":"product_cat-i","7":"pa_packungsgroesse-10ml","9":"first","10":"instock","11":"shipping-taxable","12":"purchasable","13":"product-type-simple"},"acf":[],"_links":{"self":[{"href":"https:\/\/www.ernstbrunn-apotheke.at\/katalog\/wp-json\/wp\/v2\/product\/8121","targetHints":{"allow":["GET"]}}],"collection":[{"href":"https:\/\/www.ernstbrunn-apotheke.at\/katalog\/wp-json\/wp\/v2\/product"}],"about":[{"href":"https:\/\/www.ernstbrunn-apotheke.at\/katalog\/wp-json\/wp\/v2\/types\/product"}],"wp:featuredmedia":[{"embeddable":true,"href":"https:\/\/www.ernstbrunn-apotheke.at\/katalog\/wp-json\/wp\/v2\/media\/8123"}],"wp:attachment":[{"href":"https:\/\/www.ernstbrunn-apotheke.at\/katalog\/wp-json\/wp\/v2\/media?parent=8121"}],"wp:term":[{"taxonomy":"product_brand","embeddable":true,"href":"https:\/\/www.ernstbrunn-apotheke.at\/katalog\/wp-json\/wp\/v2\/product_brand?post=8121"},{"taxonomy":"product_cat","embeddable":true,"href":"https:\/\/www.ernstbrunn-apotheke.at\/katalog\/wp-json\/wp\/v2\/product_cat?post=8121"},{"taxonomy":"product_tag","embeddable":true,"href":"https:\/\/www.ernstbrunn-apotheke.at\/katalog\/wp-json\/wp\/v2\/product_tag?post=8121"}],"curies":[{"name":"wp","href":"https:\/\/api.w.org\/{rel}","templated":true}]}}