{"id":81195,"date":"2025-11-11T23:14:01","date_gmt":"2025-11-11T22:14:01","guid":{"rendered":"https:\/\/www.ernstbrunn-apotheke.at\/katalog\/produkt\/otodolor-direkt-ohrentropfen-7-g\/"},"modified":"2025-12-08T19:17:38","modified_gmt":"2025-12-08T18:17:38","slug":"otodolor-direkt-ohrentropfen-7-g","status":"publish","type":"product","link":"https:\/\/www.ernstbrunn-apotheke.at\/katalog\/produkt\/otodolor-direkt-ohrentropfen-7-g\/","title":{"rendered":"Otodolor Direkt Ohrentropfen 7 g"},"content":{"rendered":"<p>Otodolor Direkt Ohrentropfen 7g eignen sich zur Erleichterung der Beschwerden bei Reizungen und Juckreiz im \u00e4u\u00dferen Geh\u00f6rgang, verursacht durch z.B. chlorhaltiges Wasser (Badeotitis), Tauchen, Wind etc. Auch zur vorbeugenden Anwendung vor und nach dem Baden oder Tauchen zum Schutz des \u00e4u\u00dferen Geh\u00f6rgangs sind die Tropfen geeignet.<\/p>\n","protected":false},"excerpt":{"rendered":"<p>Otodolor Direkt Ohrentropfen 7g eignen sich zur Erleichterung der Beschwerden bei Reizungen und Juckreiz im \u00e4u\u00dferen Geh\u00f6rgang, verursacht durch z.B. chlorhaltiges Wasser (Badeotitis), Tauchen, Wind etc. Auch zur vorbeugenden Anwendung vor und nach dem Baden oder Tauchen zum Schutz des \u00e4u\u00dferen Geh\u00f6rgangs sind die Tropfen geeignet.<\/p>\n","protected":false},"featured_media":0,"template":"","meta":{"_acf_changed":false},"product_brand":[],"product_cat":[819],"product_tag":[],"class_list":{"0":"post-81195","1":"product","2":"type-product","3":"status-publish","5":"product_cat-o","6":"pa_packungsgroesse-7g","8":"first","9":"instock","10":"shipping-taxable","11":"purchasable","12":"product-type-simple"},"acf":[],"_links":{"self":[{"href":"https:\/\/www.ernstbrunn-apotheke.at\/katalog\/wp-json\/wp\/v2\/product\/81195","targetHints":{"allow":["GET"]}}],"collection":[{"href":"https:\/\/www.ernstbrunn-apotheke.at\/katalog\/wp-json\/wp\/v2\/product"}],"about":[{"href":"https:\/\/www.ernstbrunn-apotheke.at\/katalog\/wp-json\/wp\/v2\/types\/product"}],"wp:attachment":[{"href":"https:\/\/www.ernstbrunn-apotheke.at\/katalog\/wp-json\/wp\/v2\/media?parent=81195"}],"wp:term":[{"taxonomy":"product_brand","embeddable":true,"href":"https:\/\/www.ernstbrunn-apotheke.at\/katalog\/wp-json\/wp\/v2\/product_brand?post=81195"},{"taxonomy":"product_cat","embeddable":true,"href":"https:\/\/www.ernstbrunn-apotheke.at\/katalog\/wp-json\/wp\/v2\/product_cat?post=81195"},{"taxonomy":"product_tag","embeddable":true,"href":"https:\/\/www.ernstbrunn-apotheke.at\/katalog\/wp-json\/wp\/v2\/product_tag?post=81195"}],"curies":[{"name":"wp","href":"https:\/\/api.w.org\/{rel}","templated":true}]}}