{"id":81173,"date":"2025-11-11T23:13:38","date_gmt":"2025-11-11T22:13:38","guid":{"rendered":"https:\/\/www.ernstbrunn-apotheke.at\/katalog\/produkt\/hydrocoll-wundverband-20x20cm-5-stk\/"},"modified":"2025-12-08T19:17:29","modified_gmt":"2025-12-08T18:17:29","slug":"hydrocoll-wundverband-20x20cm-5-stk","status":"publish","type":"product","link":"https:\/\/www.ernstbrunn-apotheke.at\/katalog\/produkt\/hydrocoll-wundverband-20x20cm-5-stk\/","title":{"rendered":"Hydrocoll Wundverband 20x20cm 5 Stk."},"content":{"rendered":"<p>Saugender, selbsthaftender, steriler Hydrokolloid-Verband mit semipermeabler, keimdichter Deckschicht  bewirkt durch Gelumwandlung der hydrokolloiden Verbandanteile ein feuchtes Wundmilieu, wobei das Gel so lang saugf\u00e4hig ist, bis die Hydrokolloide ges\u00e4ttigt sind. F\u00f6rdert die Granulation und Epithelisierung  in verschiedenen Ausf\u00fchrungen und Zuschnitten erh\u00e4ltlich.<\/p>\n","protected":false},"excerpt":{"rendered":"<p>Saugender, selbsthaftender, steriler Hydrokolloid-Verband mit semipermeabler, keimdichter Deckschicht bewirkt durch Gelumwandlung der hydrokolloiden Verbandanteile ein feuchtes Wundmilieu, wobei das Gel so lang saugf\u00e4hig ist, bis die Hydrokolloide ges\u00e4ttigt sind. F\u00f6rdert die Granulation und Epithelisierung in verschiedenen Ausf\u00fchrungen und Zuschnitten erh\u00e4ltlich.<\/p>\n","protected":false},"featured_media":81175,"template":"","meta":{"_acf_changed":false},"product_brand":[],"product_cat":[805],"product_tag":[],"class_list":{"0":"post-81173","1":"product","2":"type-product","3":"status-publish","4":"has-post-thumbnail","6":"product_cat-h","7":"pa_packungsgroesse-5-stueck","9":"first","10":"instock","11":"shipping-taxable","12":"purchasable","13":"product-type-simple"},"acf":[],"_links":{"self":[{"href":"https:\/\/www.ernstbrunn-apotheke.at\/katalog\/wp-json\/wp\/v2\/product\/81173","targetHints":{"allow":["GET"]}}],"collection":[{"href":"https:\/\/www.ernstbrunn-apotheke.at\/katalog\/wp-json\/wp\/v2\/product"}],"about":[{"href":"https:\/\/www.ernstbrunn-apotheke.at\/katalog\/wp-json\/wp\/v2\/types\/product"}],"wp:featuredmedia":[{"embeddable":true,"href":"https:\/\/www.ernstbrunn-apotheke.at\/katalog\/wp-json\/wp\/v2\/media\/81175"}],"wp:attachment":[{"href":"https:\/\/www.ernstbrunn-apotheke.at\/katalog\/wp-json\/wp\/v2\/media?parent=81173"}],"wp:term":[{"taxonomy":"product_brand","embeddable":true,"href":"https:\/\/www.ernstbrunn-apotheke.at\/katalog\/wp-json\/wp\/v2\/product_brand?post=81173"},{"taxonomy":"product_cat","embeddable":true,"href":"https:\/\/www.ernstbrunn-apotheke.at\/katalog\/wp-json\/wp\/v2\/product_cat?post=81173"},{"taxonomy":"product_tag","embeddable":true,"href":"https:\/\/www.ernstbrunn-apotheke.at\/katalog\/wp-json\/wp\/v2\/product_tag?post=81173"}],"curies":[{"name":"wp","href":"https:\/\/api.w.org\/{rel}","templated":true}]}}