{"id":81166,"date":"2025-11-11T23:13:38","date_gmt":"2025-11-11T22:13:38","guid":{"rendered":"https:\/\/www.ernstbrunn-apotheke.at\/katalog\/produkt\/healing-herbs-wild-rose-30-ml\/"},"modified":"2025-12-08T19:17:25","modified_gmt":"2025-12-08T18:17:25","slug":"healing-herbs-wild-rose-30-ml","status":"publish","type":"product","link":"https:\/\/www.ernstbrunn-apotheke.at\/katalog\/produkt\/healing-herbs-wild-rose-30-ml\/","title":{"rendered":"Healing Herbs Wild Rose 30 ml"},"content":{"rendered":"<p>Healing Herbs Wild Rose hilft bei Gleichg\u00fcltigkeit und mangelnder Bereitschaft, sich den Wechself\u00e4llen des Lebens zu stellen. Das Produkt wird nach dem Motto &#8222;Ich \u00fcberwinde meine Resignation und sehe in Felsbrocken auf meinem Lebensweg kein un\u00fcberwindbares Hindernis&#8220; angewendet.<\/p>\n","protected":false},"excerpt":{"rendered":"<p>Healing Herbs Wild Rose hilft bei Gleichg\u00fcltigkeit und mangelnder Bereitschaft, sich den Wechself\u00e4llen des Lebens zu stellen. Das Produkt wird nach dem Motto &#8222;Ich \u00fcberwinde meine Resignation und sehe in Felsbrocken auf meinem Lebensweg kein un\u00fcberwindbares Hindernis&#8220; angewendet.<\/p>\n","protected":false},"featured_media":0,"template":"","meta":{"_acf_changed":false},"product_brand":[927],"product_cat":[805],"product_tag":[],"class_list":{"0":"post-81166","1":"product","2":"type-product","3":"status-publish","5":"product_brand-healing-herbs","6":"product_cat-h","7":"pa_packungsgroesse-30ml","9":"first","10":"instock","11":"shipping-taxable","12":"purchasable","13":"product-type-simple"},"acf":[],"_links":{"self":[{"href":"https:\/\/www.ernstbrunn-apotheke.at\/katalog\/wp-json\/wp\/v2\/product\/81166","targetHints":{"allow":["GET"]}}],"collection":[{"href":"https:\/\/www.ernstbrunn-apotheke.at\/katalog\/wp-json\/wp\/v2\/product"}],"about":[{"href":"https:\/\/www.ernstbrunn-apotheke.at\/katalog\/wp-json\/wp\/v2\/types\/product"}],"wp:attachment":[{"href":"https:\/\/www.ernstbrunn-apotheke.at\/katalog\/wp-json\/wp\/v2\/media?parent=81166"}],"wp:term":[{"taxonomy":"product_brand","embeddable":true,"href":"https:\/\/www.ernstbrunn-apotheke.at\/katalog\/wp-json\/wp\/v2\/product_brand?post=81166"},{"taxonomy":"product_cat","embeddable":true,"href":"https:\/\/www.ernstbrunn-apotheke.at\/katalog\/wp-json\/wp\/v2\/product_cat?post=81166"},{"taxonomy":"product_tag","embeddable":true,"href":"https:\/\/www.ernstbrunn-apotheke.at\/katalog\/wp-json\/wp\/v2\/product_tag?post=81166"}],"curies":[{"name":"wp","href":"https:\/\/api.w.org\/{rel}","templated":true}]}}