{"id":81163,"date":"2025-11-11T23:13:38","date_gmt":"2025-11-11T22:13:38","guid":{"rendered":"https:\/\/www.ernstbrunn-apotheke.at\/katalog\/produkt\/mvo-every-day-shampoo\/"},"modified":"2025-12-08T19:17:24","modified_gmt":"2025-12-08T18:17:24","slug":"mvo-every-day-shampoo","status":"publish","type":"product","link":"https:\/\/www.ernstbrunn-apotheke.at\/katalog\/produkt\/mvo-every-day-shampoo\/","title":{"rendered":"MVO Every Day Shampoo"},"content":{"rendered":"<p>&#8222;Dieses milde Shampoo ist f\u00fcr die t\u00e4gliche Haarw\u00e4sche und f\u00fcr jedes Haar bestens geeignet.Brennessel und Birke wirken anregend auf die Kopfhaut, Panthenol pflegt das Haar und macht es geschmeidig, Ginkgo wirkt belebend und regt die Haarwurzeln an.Anwendungsempfehlung: Eine walnussgro\u00dfe Menge auf dem nassen Haar verteilen, aufsch\u00e4umen und gut aussp\u00fclen. Bei Bedarf wiederholen und kurz einwirken lassen. Inhalt: 150ml&#8220;<\/p>\n","protected":false},"excerpt":{"rendered":"<p>&#8222;Dieses milde Shampoo ist f\u00fcr die t\u00e4gliche Haarw\u00e4sche und f\u00fcr jedes Haar bestens geeignet.Brennessel und Birke wirken anregend auf die Kopfhaut, Panthenol pflegt das Haar und macht es geschmeidig, Ginkgo wirkt belebend und regt die Haarwurzeln an.Anwendungsempfehlung: Eine walnussgro\u00dfe Menge auf dem nassen Haar verteilen, aufsch\u00e4umen und gut aussp\u00fclen. Bei Bedarf wiederholen und kurz einwirken [&hellip;]<\/p>\n","protected":false},"featured_media":81165,"template":"","meta":{"_acf_changed":false},"product_brand":[],"product_cat":[800],"product_tag":[],"class_list":{"0":"post-81163","1":"product","2":"type-product","3":"status-publish","4":"has-post-thumbnail","6":"product_cat-m","7":"pa_packungsgroesse-150ml","9":"first","10":"instock","11":"shipping-taxable","12":"purchasable","13":"product-type-simple"},"acf":[],"_links":{"self":[{"href":"https:\/\/www.ernstbrunn-apotheke.at\/katalog\/wp-json\/wp\/v2\/product\/81163","targetHints":{"allow":["GET"]}}],"collection":[{"href":"https:\/\/www.ernstbrunn-apotheke.at\/katalog\/wp-json\/wp\/v2\/product"}],"about":[{"href":"https:\/\/www.ernstbrunn-apotheke.at\/katalog\/wp-json\/wp\/v2\/types\/product"}],"wp:featuredmedia":[{"embeddable":true,"href":"https:\/\/www.ernstbrunn-apotheke.at\/katalog\/wp-json\/wp\/v2\/media\/81165"}],"wp:attachment":[{"href":"https:\/\/www.ernstbrunn-apotheke.at\/katalog\/wp-json\/wp\/v2\/media?parent=81163"}],"wp:term":[{"taxonomy":"product_brand","embeddable":true,"href":"https:\/\/www.ernstbrunn-apotheke.at\/katalog\/wp-json\/wp\/v2\/product_brand?post=81163"},{"taxonomy":"product_cat","embeddable":true,"href":"https:\/\/www.ernstbrunn-apotheke.at\/katalog\/wp-json\/wp\/v2\/product_cat?post=81163"},{"taxonomy":"product_tag","embeddable":true,"href":"https:\/\/www.ernstbrunn-apotheke.at\/katalog\/wp-json\/wp\/v2\/product_tag?post=81163"}],"curies":[{"name":"wp","href":"https:\/\/api.w.org\/{rel}","templated":true}]}}