{"id":81135,"date":"2025-11-11T23:13:02","date_gmt":"2025-11-11T22:13:02","guid":{"rendered":"https:\/\/www.ernstbrunn-apotheke.at\/katalog\/produkt\/bios-selen-200-mcg-kapseln\/"},"modified":"2025-12-08T19:17:11","modified_gmt":"2025-12-08T18:17:11","slug":"bios-selen-200-mcg-kapseln","status":"publish","type":"product","link":"https:\/\/www.ernstbrunn-apotheke.at\/katalog\/produkt\/bios-selen-200-mcg-kapseln\/","title":{"rendered":"Bios Selen 200 mcg Kapseln"},"content":{"rendered":"<p>Bios Selen 200 mcg Kapseln enthalten 200 \u00b5g reines Selen in Form eines Natriumselenits in einer Hartgelatinekapsel. Selen tr\u00e4gt zu einer normalen Spermabildung sowie zur Erhaltung normaler Haare und N\u00e4gel bei. Au\u00dferdem wird die normale Funktion des Immunsystems und eine normale Schilddr\u00fcsenfunktion unterst\u00fctzt.<\/p>\n","protected":false},"excerpt":{"rendered":"<p>Bios Selen 200 mcg Kapseln enthalten 200 \u00b5g reines Selen in Form eines Natriumselenits in einer Hartgelatinekapsel. Selen tr\u00e4gt zu einer normalen Spermabildung sowie zur Erhaltung normaler Haare und N\u00e4gel bei. Au\u00dferdem wird die normale Funktion des Immunsystems und eine normale Schilddr\u00fcsenfunktion unterst\u00fctzt.<\/p>\n","protected":false},"featured_media":81137,"template":"","meta":{"_acf_changed":false},"product_brand":[],"product_cat":[802],"product_tag":[],"class_list":{"0":"post-81135","1":"product","2":"type-product","3":"status-publish","4":"has-post-thumbnail","6":"product_cat-b","7":"pa_packungsgroesse-100-stueck","9":"first","10":"instock","11":"shipping-taxable","12":"purchasable","13":"product-type-simple"},"acf":[],"_links":{"self":[{"href":"https:\/\/www.ernstbrunn-apotheke.at\/katalog\/wp-json\/wp\/v2\/product\/81135","targetHints":{"allow":["GET"]}}],"collection":[{"href":"https:\/\/www.ernstbrunn-apotheke.at\/katalog\/wp-json\/wp\/v2\/product"}],"about":[{"href":"https:\/\/www.ernstbrunn-apotheke.at\/katalog\/wp-json\/wp\/v2\/types\/product"}],"wp:featuredmedia":[{"embeddable":true,"href":"https:\/\/www.ernstbrunn-apotheke.at\/katalog\/wp-json\/wp\/v2\/media\/81137"}],"wp:attachment":[{"href":"https:\/\/www.ernstbrunn-apotheke.at\/katalog\/wp-json\/wp\/v2\/media?parent=81135"}],"wp:term":[{"taxonomy":"product_brand","embeddable":true,"href":"https:\/\/www.ernstbrunn-apotheke.at\/katalog\/wp-json\/wp\/v2\/product_brand?post=81135"},{"taxonomy":"product_cat","embeddable":true,"href":"https:\/\/www.ernstbrunn-apotheke.at\/katalog\/wp-json\/wp\/v2\/product_cat?post=81135"},{"taxonomy":"product_tag","embeddable":true,"href":"https:\/\/www.ernstbrunn-apotheke.at\/katalog\/wp-json\/wp\/v2\/product_tag?post=81135"}],"curies":[{"name":"wp","href":"https:\/\/api.w.org\/{rel}","templated":true}]}}