{"id":8111,"date":"2025-11-07T13:37:07","date_gmt":"2025-11-07T12:37:07","guid":{"rendered":"https:\/\/www.ernstbrunn-apotheke.at\/katalog\/produkt\/oleovital-vitamin-a-dexpanthenol-augensalbe\/"},"modified":"2025-12-08T13:24:56","modified_gmt":"2025-12-08T12:24:56","slug":"oleovital-vitamin-a-dexpanthenol-augensalbe","status":"publish","type":"product","link":"https:\/\/www.ernstbrunn-apotheke.at\/katalog\/produkt\/oleovital-vitamin-a-dexpanthenol-augensalbe\/","title":{"rendered":"Oleovital Vitamin A + Dexpanthenol Augensalbe"},"content":{"rendered":"<p>OLEOvital Augensalbe mit Vitamin A und Dexpanthenol wird zur lang anhaltenden Verbesserung des Tr\u00e4nenfilms und zum intensiven Schutz der Augenoberfl\u00e4che angewendet. Die Salbe lindert Symptome wie Brennen, Trockenheit oder M\u00fcdigkeit der Augen.<\/p>\n","protected":false},"excerpt":{"rendered":"<p>OLEOvital Augensalbe mit Vitamin A und Dexpanthenol wird zur lang anhaltenden Verbesserung des Tr\u00e4nenfilms und zum intensiven Schutz der Augenoberfl\u00e4che angewendet. Die Salbe lindert Symptome wie Brennen, Trockenheit oder M\u00fcdigkeit der Augen.<\/p>\n","protected":false},"featured_media":8113,"template":"","meta":{"_acf_changed":false},"product_brand":[],"product_cat":[819],"product_tag":[],"class_list":{"0":"post-8111","1":"product","2":"type-product","3":"status-publish","4":"has-post-thumbnail","6":"product_cat-o","7":"pa_packungsgroesse-5g","9":"first","10":"instock","11":"shipping-taxable","12":"purchasable","13":"product-type-simple"},"acf":[],"_links":{"self":[{"href":"https:\/\/www.ernstbrunn-apotheke.at\/katalog\/wp-json\/wp\/v2\/product\/8111","targetHints":{"allow":["GET"]}}],"collection":[{"href":"https:\/\/www.ernstbrunn-apotheke.at\/katalog\/wp-json\/wp\/v2\/product"}],"about":[{"href":"https:\/\/www.ernstbrunn-apotheke.at\/katalog\/wp-json\/wp\/v2\/types\/product"}],"wp:featuredmedia":[{"embeddable":true,"href":"https:\/\/www.ernstbrunn-apotheke.at\/katalog\/wp-json\/wp\/v2\/media\/8113"}],"wp:attachment":[{"href":"https:\/\/www.ernstbrunn-apotheke.at\/katalog\/wp-json\/wp\/v2\/media?parent=8111"}],"wp:term":[{"taxonomy":"product_brand","embeddable":true,"href":"https:\/\/www.ernstbrunn-apotheke.at\/katalog\/wp-json\/wp\/v2\/product_brand?post=8111"},{"taxonomy":"product_cat","embeddable":true,"href":"https:\/\/www.ernstbrunn-apotheke.at\/katalog\/wp-json\/wp\/v2\/product_cat?post=8111"},{"taxonomy":"product_tag","embeddable":true,"href":"https:\/\/www.ernstbrunn-apotheke.at\/katalog\/wp-json\/wp\/v2\/product_tag?post=8111"}],"curies":[{"name":"wp","href":"https:\/\/api.w.org\/{rel}","templated":true}]}}