{"id":81032,"date":"2025-11-11T23:11:11","date_gmt":"2025-11-11T22:11:11","guid":{"rendered":"https:\/\/www.ernstbrunn-apotheke.at\/katalog\/produkt\/milupa-aptamil-pre-profutura-800-g\/"},"modified":"2025-12-08T19:16:36","modified_gmt":"2025-12-08T18:16:36","slug":"milupa-aptamil-pre-profutura-800-g","status":"publish","type":"product","link":"https:\/\/www.ernstbrunn-apotheke.at\/katalog\/produkt\/milupa-aptamil-pre-profutura-800-g\/","title":{"rendered":"Milupa Aptamil Pre Profutura 800 g"},"content":{"rendered":"<p>Dank 90 Jahren Erfahrung im Bereich Babynahrung unterst\u00fctzen die Produkte von Milupa Aptamil Ihr Kleines ma\u00dfgeschneidert in seinem jeweiligen Alter beim gesunden Gro\u00dfwerden.<\/p>\n","protected":false},"excerpt":{"rendered":"<p>Dank 90 Jahren Erfahrung im Bereich Babynahrung unterst\u00fctzen die Produkte von Milupa Aptamil Ihr Kleines ma\u00dfgeschneidert in seinem jeweiligen Alter beim gesunden Gro\u00dfwerden.<\/p>\n","protected":false},"featured_media":81034,"template":"","meta":{"_acf_changed":false},"product_brand":[1021],"product_cat":[800],"product_tag":[],"class_list":{"0":"post-81032","1":"product","2":"type-product","3":"status-publish","4":"has-post-thumbnail","6":"product_brand-milupa","7":"product_cat-m","8":"pa_packungsgroesse-800g","10":"first","11":"instock","12":"shipping-taxable","13":"purchasable","14":"product-type-simple"},"acf":[],"_links":{"self":[{"href":"https:\/\/www.ernstbrunn-apotheke.at\/katalog\/wp-json\/wp\/v2\/product\/81032","targetHints":{"allow":["GET"]}}],"collection":[{"href":"https:\/\/www.ernstbrunn-apotheke.at\/katalog\/wp-json\/wp\/v2\/product"}],"about":[{"href":"https:\/\/www.ernstbrunn-apotheke.at\/katalog\/wp-json\/wp\/v2\/types\/product"}],"wp:featuredmedia":[{"embeddable":true,"href":"https:\/\/www.ernstbrunn-apotheke.at\/katalog\/wp-json\/wp\/v2\/media\/81034"}],"wp:attachment":[{"href":"https:\/\/www.ernstbrunn-apotheke.at\/katalog\/wp-json\/wp\/v2\/media?parent=81032"}],"wp:term":[{"taxonomy":"product_brand","embeddable":true,"href":"https:\/\/www.ernstbrunn-apotheke.at\/katalog\/wp-json\/wp\/v2\/product_brand?post=81032"},{"taxonomy":"product_cat","embeddable":true,"href":"https:\/\/www.ernstbrunn-apotheke.at\/katalog\/wp-json\/wp\/v2\/product_cat?post=81032"},{"taxonomy":"product_tag","embeddable":true,"href":"https:\/\/www.ernstbrunn-apotheke.at\/katalog\/wp-json\/wp\/v2\/product_tag?post=81032"}],"curies":[{"name":"wp","href":"https:\/\/api.w.org\/{rel}","templated":true}]}}