{"id":80995,"date":"2025-11-11T23:10:33","date_gmt":"2025-11-11T22:10:33","guid":{"rendered":"https:\/\/www.ernstbrunn-apotheke.at\/katalog\/produkt\/mantra-arthostar-kapseln-120-stk\/"},"modified":"2025-12-08T19:16:18","modified_gmt":"2025-12-08T18:16:18","slug":"mantra-arthostar-kapseln-120-stk","status":"publish","type":"product","link":"https:\/\/www.ernstbrunn-apotheke.at\/katalog\/produkt\/mantra-arthostar-kapseln-120-stk\/","title":{"rendered":"Mantra Arthostar Kapseln 120 Stk."},"content":{"rendered":"<p>Mantra Arthro Star Kapseln sind ein Nahrungserg\u00e4nzungsmittel f\u00fcr einen normalen antioxidativen Schutz und eine normale Entz\u00fcndungsreaktion im Bereich der Gelenke. Sie beinhalten Glucosamin, den speziellen Baustein f\u00fcr Knorpel und Gelenkschmiere und Chondroitin, den Hauptbestandteil der Knorpelstrukturen der Gelenke, sowie wertvolles Vitamin D f\u00fcr eine gesunde Muskelfunktion und Knochenfestigkeit und Weihrauchpulver und Vitamin E zur F\u00f6rderung eines antioxidativen Zellschutz &#8211; nutzen Sie den Preisvorteil einer Onlineapotheke mit der Sicherheit einer Standortapotheke!<\/p>\n","protected":false},"excerpt":{"rendered":"<p>Mantra Arthro Star Kapseln sind ein Nahrungserg\u00e4nzungsmittel f\u00fcr einen normalen antioxidativen Schutz und eine normale Entz\u00fcndungsreaktion im Bereich der Gelenke. Sie beinhalten Glucosamin, den speziellen Baustein f\u00fcr Knorpel und Gelenkschmiere und Chondroitin, den Hauptbestandteil der Knorpelstrukturen der Gelenke, sowie wertvolles Vitamin D f\u00fcr eine gesunde Muskelfunktion und Knochenfestigkeit und Weihrauchpulver und Vitamin E zur F\u00f6rderung [&hellip;]<\/p>\n","protected":false},"featured_media":0,"template":"","meta":{"_acf_changed":false},"product_brand":[],"product_cat":[800],"product_tag":[],"class_list":{"0":"post-80995","1":"product","2":"type-product","3":"status-publish","5":"product_cat-m","6":"pa_packungsgroesse-120-stueck","8":"first","9":"instock","10":"shipping-taxable","11":"purchasable","12":"product-type-simple"},"acf":[],"_links":{"self":[{"href":"https:\/\/www.ernstbrunn-apotheke.at\/katalog\/wp-json\/wp\/v2\/product\/80995","targetHints":{"allow":["GET"]}}],"collection":[{"href":"https:\/\/www.ernstbrunn-apotheke.at\/katalog\/wp-json\/wp\/v2\/product"}],"about":[{"href":"https:\/\/www.ernstbrunn-apotheke.at\/katalog\/wp-json\/wp\/v2\/types\/product"}],"wp:attachment":[{"href":"https:\/\/www.ernstbrunn-apotheke.at\/katalog\/wp-json\/wp\/v2\/media?parent=80995"}],"wp:term":[{"taxonomy":"product_brand","embeddable":true,"href":"https:\/\/www.ernstbrunn-apotheke.at\/katalog\/wp-json\/wp\/v2\/product_brand?post=80995"},{"taxonomy":"product_cat","embeddable":true,"href":"https:\/\/www.ernstbrunn-apotheke.at\/katalog\/wp-json\/wp\/v2\/product_cat?post=80995"},{"taxonomy":"product_tag","embeddable":true,"href":"https:\/\/www.ernstbrunn-apotheke.at\/katalog\/wp-json\/wp\/v2\/product_tag?post=80995"}],"curies":[{"name":"wp","href":"https:\/\/api.w.org\/{rel}","templated":true}]}}