{"id":8096,"date":"2025-11-07T13:37:07","date_gmt":"2025-11-07T12:37:07","guid":{"rendered":"https:\/\/www.ernstbrunn-apotheke.at\/katalog\/produkt\/metacare-origanox-pulver-verbessert-die-lungenfunktion\/"},"modified":"2025-12-08T13:24:53","modified_gmt":"2025-12-08T12:24:53","slug":"metacare-origanox-pulver-verbessert-die-lungenfunktion","status":"publish","type":"product","link":"https:\/\/www.ernstbrunn-apotheke.at\/katalog\/produkt\/metacare-origanox-pulver-verbessert-die-lungenfunktion\/","title":{"rendered":"MetaCare ORIGANOX Pulver &#8211; verbessert die Lungenfunktion"},"content":{"rendered":"<p>Metacare Origanox Pulver eignet sich besonders f\u00fcr Sportler, Raucher und \u00e4ltere Menschen sowie speziell f\u00fcr jene, die das Gef\u00fchl haben, nicht \u00fcber ausreichend \u201eLuft\u201c zu verf\u00fcgen. Origanox ist das w\u00e4ssrige Extrakt aus dem wilden Majoran, der speziell den Abbau von S\u00e4uren \u00fcber die Atemluft f\u00f6rdert.<\/p>\n","protected":false},"excerpt":{"rendered":"<p>Metacare Origanox Pulver eignet sich besonders f\u00fcr Sportler, Raucher und \u00e4ltere Menschen sowie speziell f\u00fcr jene, die das Gef\u00fchl haben, nicht \u00fcber ausreichend \u201eLuft\u201c zu verf\u00fcgen. Origanox ist das w\u00e4ssrige Extrakt aus dem wilden Majoran, der speziell den Abbau von S\u00e4uren \u00fcber die Atemluft f\u00f6rdert.<\/p>\n","protected":false},"featured_media":8098,"template":"","meta":{"_acf_changed":false},"product_brand":[],"product_cat":[800],"product_tag":[],"class_list":{"0":"post-8096","1":"product","2":"type-product","3":"status-publish","4":"has-post-thumbnail","6":"product_cat-m","7":"pa_packungsgroesse-50g","9":"first","10":"instock","11":"shipping-taxable","12":"purchasable","13":"product-type-simple"},"acf":[],"_links":{"self":[{"href":"https:\/\/www.ernstbrunn-apotheke.at\/katalog\/wp-json\/wp\/v2\/product\/8096","targetHints":{"allow":["GET"]}}],"collection":[{"href":"https:\/\/www.ernstbrunn-apotheke.at\/katalog\/wp-json\/wp\/v2\/product"}],"about":[{"href":"https:\/\/www.ernstbrunn-apotheke.at\/katalog\/wp-json\/wp\/v2\/types\/product"}],"wp:featuredmedia":[{"embeddable":true,"href":"https:\/\/www.ernstbrunn-apotheke.at\/katalog\/wp-json\/wp\/v2\/media\/8098"}],"wp:attachment":[{"href":"https:\/\/www.ernstbrunn-apotheke.at\/katalog\/wp-json\/wp\/v2\/media?parent=8096"}],"wp:term":[{"taxonomy":"product_brand","embeddable":true,"href":"https:\/\/www.ernstbrunn-apotheke.at\/katalog\/wp-json\/wp\/v2\/product_brand?post=8096"},{"taxonomy":"product_cat","embeddable":true,"href":"https:\/\/www.ernstbrunn-apotheke.at\/katalog\/wp-json\/wp\/v2\/product_cat?post=8096"},{"taxonomy":"product_tag","embeddable":true,"href":"https:\/\/www.ernstbrunn-apotheke.at\/katalog\/wp-json\/wp\/v2\/product_tag?post=8096"}],"curies":[{"name":"wp","href":"https:\/\/api.w.org\/{rel}","templated":true}]}}