{"id":80891,"date":"2025-11-11T23:08:23","date_gmt":"2025-11-11T22:08:23","guid":{"rendered":"https:\/\/www.ernstbrunn-apotheke.at\/katalog\/produkt\/sebamed-trockene-haut-body-lotion-omega-12-200-ml\/"},"modified":"2025-12-08T19:15:29","modified_gmt":"2025-12-08T18:15:29","slug":"sebamed-trockene-haut-body-lotion-omega-12-200-ml","status":"publish","type":"product","link":"https:\/\/www.ernstbrunn-apotheke.at\/katalog\/produkt\/sebamed-trockene-haut-body-lotion-omega-12-200-ml\/","title":{"rendered":"Sebamed Trockene Haut Body Lotion Omega 12% 200 ml"},"content":{"rendered":"<p>sebamed TROCKENE HAUT 12% Omega Body Lotion wurde als hautberuhigende Intensivpflege f\u00fcr sehr trockene, ger\u00f6tete Haut entwickelt. Die ausgesuchten Inhaltsstoffe lindern sp\u00fcrbar Hautr\u00f6tungen, Rauheit und Schuppung bei sehr trockener Haut und helfen, den nat\u00fcrlichen Eigenschutz der Haut zu regenerieren. Hochkonzentrierte Omega-6-Fetts\u00e4uren aus Sesam\u00f6l und F\u00e4rberdistel\u00f6l wirken entz\u00fcndungshemmend und helfen deshalb gegen Hautr\u00f6tungen. Durch die intensiv pflegende Wirkung wird schuppige Haut gegl\u00e4ttet. Vitamin E neutralisiert aggressive freie Radikale und tr\u00e4gt so zum Schutz vor sch\u00e4dlichen Umwelteinfl\u00fcssen bei. Der pH-Wert 5,5 unterst\u00fctzt den nat\u00fcrlichen Schutzmantel der Haut und macht sie widerstandsf\u00e4higer. Sebamed Trockene Haut 12% Omega Body Lotion ist speziell bei Neurodermitis und Schuppenflechte geeignet.<\/p>\n","protected":false},"excerpt":{"rendered":"<p>sebamed TROCKENE HAUT 12% Omega Body Lotion wurde als hautberuhigende Intensivpflege f\u00fcr sehr trockene, ger\u00f6tete Haut entwickelt. Die ausgesuchten Inhaltsstoffe lindern sp\u00fcrbar Hautr\u00f6tungen, Rauheit und Schuppung bei sehr trockener Haut und helfen, den nat\u00fcrlichen Eigenschutz der Haut zu regenerieren. Hochkonzentrierte Omega-6-Fetts\u00e4uren aus Sesam\u00f6l und F\u00e4rberdistel\u00f6l wirken entz\u00fcndungshemmend und helfen deshalb gegen Hautr\u00f6tungen. Durch die intensiv [&hellip;]<\/p>\n","protected":false},"featured_media":0,"template":"","meta":{"_acf_changed":false},"product_brand":[737],"product_cat":[791],"product_tag":[],"class_list":{"0":"post-80891","1":"product","2":"type-product","3":"status-publish","5":"product_brand-sebamed","6":"product_cat-s","7":"pa_packungsgroesse-200ml","9":"first","10":"instock","11":"shipping-taxable","12":"purchasable","13":"product-type-simple"},"acf":[],"_links":{"self":[{"href":"https:\/\/www.ernstbrunn-apotheke.at\/katalog\/wp-json\/wp\/v2\/product\/80891","targetHints":{"allow":["GET"]}}],"collection":[{"href":"https:\/\/www.ernstbrunn-apotheke.at\/katalog\/wp-json\/wp\/v2\/product"}],"about":[{"href":"https:\/\/www.ernstbrunn-apotheke.at\/katalog\/wp-json\/wp\/v2\/types\/product"}],"wp:attachment":[{"href":"https:\/\/www.ernstbrunn-apotheke.at\/katalog\/wp-json\/wp\/v2\/media?parent=80891"}],"wp:term":[{"taxonomy":"product_brand","embeddable":true,"href":"https:\/\/www.ernstbrunn-apotheke.at\/katalog\/wp-json\/wp\/v2\/product_brand?post=80891"},{"taxonomy":"product_cat","embeddable":true,"href":"https:\/\/www.ernstbrunn-apotheke.at\/katalog\/wp-json\/wp\/v2\/product_cat?post=80891"},{"taxonomy":"product_tag","embeddable":true,"href":"https:\/\/www.ernstbrunn-apotheke.at\/katalog\/wp-json\/wp\/v2\/product_tag?post=80891"}],"curies":[{"name":"wp","href":"https:\/\/api.w.org\/{rel}","templated":true}]}}