{"id":80795,"date":"2025-11-11T23:06:14","date_gmt":"2025-11-11T22:06:14","guid":{"rendered":"https:\/\/www.ernstbrunn-apotheke.at\/katalog\/produkt\/bios-vitamin-a-800-mcg-kapseln\/"},"modified":"2025-12-08T19:14:45","modified_gmt":"2025-12-08T18:14:45","slug":"bios-vitamin-a-800-mcg-kapseln","status":"publish","type":"product","link":"https:\/\/www.ernstbrunn-apotheke.at\/katalog\/produkt\/bios-vitamin-a-800-mcg-kapseln\/","title":{"rendered":"Bios Vitamin A 800 mcg Kapseln"},"content":{"rendered":"<p>Bios Vitamin A 800 mcg Kapseln enthalten 800 \u00b5g Vitamin A als Retinolacetat in einer Hartgelatinekapsel. Wenn keine ausreichende Vitamin A-Reserve vorhanden ist, kann es bei D\u00e4mmerung oder Dunkelheit zu einer Sehschw\u00e4che kommen. Vitamin A ist zus\u00e4tzlich bedeutsam f\u00fcr die normale Beschaffenheit und Funktion der Haut und Schleimhaut, der Haare und Fingern\u00e4gel.<\/p>\n","protected":false},"excerpt":{"rendered":"<p>Bios Vitamin A 800 mcg Kapseln enthalten 800 \u00b5g Vitamin A als Retinolacetat in einer Hartgelatinekapsel. Wenn keine ausreichende Vitamin A-Reserve vorhanden ist, kann es bei D\u00e4mmerung oder Dunkelheit zu einer Sehschw\u00e4che kommen. Vitamin A ist zus\u00e4tzlich bedeutsam f\u00fcr die normale Beschaffenheit und Funktion der Haut und Schleimhaut, der Haare und Fingern\u00e4gel.<\/p>\n","protected":false},"featured_media":80797,"template":"","meta":{"_acf_changed":false},"product_brand":[],"product_cat":[802],"product_tag":[],"class_list":{"0":"post-80795","1":"product","2":"type-product","3":"status-publish","4":"has-post-thumbnail","6":"product_cat-b","7":"pa_packungsgroesse-100-stueck","9":"first","10":"instock","11":"shipping-taxable","12":"purchasable","13":"product-type-simple"},"acf":[],"_links":{"self":[{"href":"https:\/\/www.ernstbrunn-apotheke.at\/katalog\/wp-json\/wp\/v2\/product\/80795","targetHints":{"allow":["GET"]}}],"collection":[{"href":"https:\/\/www.ernstbrunn-apotheke.at\/katalog\/wp-json\/wp\/v2\/product"}],"about":[{"href":"https:\/\/www.ernstbrunn-apotheke.at\/katalog\/wp-json\/wp\/v2\/types\/product"}],"wp:featuredmedia":[{"embeddable":true,"href":"https:\/\/www.ernstbrunn-apotheke.at\/katalog\/wp-json\/wp\/v2\/media\/80797"}],"wp:attachment":[{"href":"https:\/\/www.ernstbrunn-apotheke.at\/katalog\/wp-json\/wp\/v2\/media?parent=80795"}],"wp:term":[{"taxonomy":"product_brand","embeddable":true,"href":"https:\/\/www.ernstbrunn-apotheke.at\/katalog\/wp-json\/wp\/v2\/product_brand?post=80795"},{"taxonomy":"product_cat","embeddable":true,"href":"https:\/\/www.ernstbrunn-apotheke.at\/katalog\/wp-json\/wp\/v2\/product_cat?post=80795"},{"taxonomy":"product_tag","embeddable":true,"href":"https:\/\/www.ernstbrunn-apotheke.at\/katalog\/wp-json\/wp\/v2\/product_tag?post=80795"}],"curies":[{"name":"wp","href":"https:\/\/api.w.org\/{rel}","templated":true}]}}