{"id":80699,"date":"2025-11-11T23:04:34","date_gmt":"2025-11-11T22:04:34","guid":{"rendered":"https:\/\/www.ernstbrunn-apotheke.at\/katalog\/produkt\/apimanu-ayurveda-kapseln-hypertosan-120-stk\/"},"modified":"2025-12-08T19:14:09","modified_gmt":"2025-12-08T18:14:09","slug":"apimanu-ayurveda-kapseln-hypertosan-120-stk","status":"publish","type":"product","link":"https:\/\/www.ernstbrunn-apotheke.at\/katalog\/produkt\/apimanu-ayurveda-kapseln-hypertosan-120-stk\/","title":{"rendered":"Apimanu Ayurveda Kapseln Hypertosan 120 Stk."},"content":{"rendered":"<p>Apimanu Ayurveda Kapseln Hypertosan bewirken die signifikante Reduzierung des Blutdrucks und verbessern zudem die maximale Arbeitsbelastung bei Herzschw\u00e4che. Au\u00dferdem wird die Verbesserung der Blutzirkulation und die Linderung bei Migr\u00e4ne und gef\u00e4\u00dfbedingtem Kopfschmerz erreicht. Dieses Produkt ist in Packungen zu 30, 60, 90 und 120 St\u00fcck f\u00fcr Sie erh\u00e4ltlich.<\/p>\n","protected":false},"excerpt":{"rendered":"<p>Apimanu Ayurveda Kapseln Hypertosan bewirken die signifikante Reduzierung des Blutdrucks und verbessern zudem die maximale Arbeitsbelastung bei Herzschw\u00e4che. Au\u00dferdem wird die Verbesserung der Blutzirkulation und die Linderung bei Migr\u00e4ne und gef\u00e4\u00dfbedingtem Kopfschmerz erreicht. Dieses Produkt ist in Packungen zu 30, 60, 90 und 120 St\u00fcck f\u00fcr Sie erh\u00e4ltlich.<\/p>\n","protected":false},"featured_media":80701,"template":"","meta":{"_acf_changed":false},"product_brand":[],"product_cat":[801],"product_tag":[],"class_list":{"0":"post-80699","1":"product","2":"type-product","3":"status-publish","4":"has-post-thumbnail","6":"product_cat-a","7":"pa_packungsgroesse-120-stueck","9":"first","10":"instock","11":"shipping-taxable","12":"purchasable","13":"product-type-simple"},"acf":[],"_links":{"self":[{"href":"https:\/\/www.ernstbrunn-apotheke.at\/katalog\/wp-json\/wp\/v2\/product\/80699","targetHints":{"allow":["GET"]}}],"collection":[{"href":"https:\/\/www.ernstbrunn-apotheke.at\/katalog\/wp-json\/wp\/v2\/product"}],"about":[{"href":"https:\/\/www.ernstbrunn-apotheke.at\/katalog\/wp-json\/wp\/v2\/types\/product"}],"wp:featuredmedia":[{"embeddable":true,"href":"https:\/\/www.ernstbrunn-apotheke.at\/katalog\/wp-json\/wp\/v2\/media\/80701"}],"wp:attachment":[{"href":"https:\/\/www.ernstbrunn-apotheke.at\/katalog\/wp-json\/wp\/v2\/media?parent=80699"}],"wp:term":[{"taxonomy":"product_brand","embeddable":true,"href":"https:\/\/www.ernstbrunn-apotheke.at\/katalog\/wp-json\/wp\/v2\/product_brand?post=80699"},{"taxonomy":"product_cat","embeddable":true,"href":"https:\/\/www.ernstbrunn-apotheke.at\/katalog\/wp-json\/wp\/v2\/product_cat?post=80699"},{"taxonomy":"product_tag","embeddable":true,"href":"https:\/\/www.ernstbrunn-apotheke.at\/katalog\/wp-json\/wp\/v2\/product_tag?post=80699"}],"curies":[{"name":"wp","href":"https:\/\/api.w.org\/{rel}","templated":true}]}}