{"id":80617,"date":"2025-11-11T22:56:56","date_gmt":"2025-11-11T21:56:56","guid":{"rendered":"https:\/\/www.ernstbrunn-apotheke.at\/katalog\/produkt\/okkluglas-uhrglasverband-skl-5-stk\/"},"modified":"2025-12-08T19:13:47","modified_gmt":"2025-12-08T18:13:47","slug":"okkluglas-uhrglasverband-skl-5-stk","status":"publish","type":"product","link":"https:\/\/www.ernstbrunn-apotheke.at\/katalog\/produkt\/okkluglas-uhrglasverband-skl-5-stk\/","title":{"rendered":"Okkluglas Uhrglasverband Skl 5 Stk."},"content":{"rendered":"<p>Okkluglas Uhrglasverband ist ein hautfreundlicher und ergonomisch geformter medizinischer Helfer f\u00fcr die Augen. Die Kunststoffhaube ist leicht, stabil und sch\u00fctzt. Der Uhrglasverband liegt perfekt an und bietet h\u00f6chsten Komfort.<\/p>\n","protected":false},"excerpt":{"rendered":"<p>Okkluglas Uhrglasverband ist ein hautfreundlicher und ergonomisch geformter medizinischer Helfer f\u00fcr die Augen. Die Kunststoffhaube ist leicht, stabil und sch\u00fctzt. Der Uhrglasverband liegt perfekt an und bietet h\u00f6chsten Komfort.<\/p>\n","protected":false},"featured_media":80619,"template":"","meta":{"_acf_changed":false},"product_brand":[],"product_cat":[819],"product_tag":[],"class_list":{"0":"post-80617","1":"product","2":"type-product","3":"status-publish","4":"has-post-thumbnail","6":"product_cat-o","7":"pa_packungsgroesse-5-stueck","9":"first","10":"instock","11":"shipping-taxable","12":"purchasable","13":"product-type-simple"},"acf":[],"_links":{"self":[{"href":"https:\/\/www.ernstbrunn-apotheke.at\/katalog\/wp-json\/wp\/v2\/product\/80617","targetHints":{"allow":["GET"]}}],"collection":[{"href":"https:\/\/www.ernstbrunn-apotheke.at\/katalog\/wp-json\/wp\/v2\/product"}],"about":[{"href":"https:\/\/www.ernstbrunn-apotheke.at\/katalog\/wp-json\/wp\/v2\/types\/product"}],"wp:featuredmedia":[{"embeddable":true,"href":"https:\/\/www.ernstbrunn-apotheke.at\/katalog\/wp-json\/wp\/v2\/media\/80619"}],"wp:attachment":[{"href":"https:\/\/www.ernstbrunn-apotheke.at\/katalog\/wp-json\/wp\/v2\/media?parent=80617"}],"wp:term":[{"taxonomy":"product_brand","embeddable":true,"href":"https:\/\/www.ernstbrunn-apotheke.at\/katalog\/wp-json\/wp\/v2\/product_brand?post=80617"},{"taxonomy":"product_cat","embeddable":true,"href":"https:\/\/www.ernstbrunn-apotheke.at\/katalog\/wp-json\/wp\/v2\/product_cat?post=80617"},{"taxonomy":"product_tag","embeddable":true,"href":"https:\/\/www.ernstbrunn-apotheke.at\/katalog\/wp-json\/wp\/v2\/product_tag?post=80617"}],"curies":[{"name":"wp","href":"https:\/\/api.w.org\/{rel}","templated":true}]}}