{"id":80590,"date":"2025-11-11T22:56:17","date_gmt":"2025-11-11T21:56:17","guid":{"rendered":"https:\/\/www.ernstbrunn-apotheke.at\/katalog\/produkt\/allpresan-koerper-schaum-creme-200-ml-intense\/"},"modified":"2025-12-08T19:13:33","modified_gmt":"2025-12-08T18:13:33","slug":"allpresan-koerper-schaum-creme-200-ml-intense","status":"publish","type":"product","link":"https:\/\/www.ernstbrunn-apotheke.at\/katalog\/produkt\/allpresan-koerper-schaum-creme-200-ml-intense\/","title":{"rendered":"Allpresan K\u00f6rper Schaum-Creme 200 ml intense"},"content":{"rendered":"<p>Allpresan K\u00f6rper Schaum-Creme enth\u00e4lt die wichtigen Inhaltsstoffe Urea und Nachtkerzen\u00f6l, die daf\u00fcr verantwortlich sind, dass der Feuchtigkeitsspeicher Ihrer Haut aufgef\u00fcllt sowie die Hautbarriere gest\u00e4rkt wird. Die Creme zieht schnell ein und ist auch bei hochempfindlicher Haut sehr gut vertr\u00e4glich. F\u00fcr eine wieder elastischere und geschmeidigere Haut.<\/p>\n","protected":false},"excerpt":{"rendered":"<p>Allpresan K\u00f6rper Schaum-Creme enth\u00e4lt die wichtigen Inhaltsstoffe Urea und Nachtkerzen\u00f6l, die daf\u00fcr verantwortlich sind, dass der Feuchtigkeitsspeicher Ihrer Haut aufgef\u00fcllt sowie die Hautbarriere gest\u00e4rkt wird. Die Creme zieht schnell ein und ist auch bei hochempfindlicher Haut sehr gut vertr\u00e4glich. F\u00fcr eine wieder elastischere und geschmeidigere Haut.<\/p>\n","protected":false},"featured_media":80592,"template":"","meta":{"_acf_changed":false},"product_brand":[],"product_cat":[801],"product_tag":[],"class_list":{"0":"post-80590","1":"product","2":"type-product","3":"status-publish","4":"has-post-thumbnail","6":"product_cat-a","7":"pa_packungsgroesse-200ml","9":"first","10":"instock","11":"shipping-taxable","12":"purchasable","13":"product-type-simple"},"acf":[],"_links":{"self":[{"href":"https:\/\/www.ernstbrunn-apotheke.at\/katalog\/wp-json\/wp\/v2\/product\/80590","targetHints":{"allow":["GET"]}}],"collection":[{"href":"https:\/\/www.ernstbrunn-apotheke.at\/katalog\/wp-json\/wp\/v2\/product"}],"about":[{"href":"https:\/\/www.ernstbrunn-apotheke.at\/katalog\/wp-json\/wp\/v2\/types\/product"}],"wp:featuredmedia":[{"embeddable":true,"href":"https:\/\/www.ernstbrunn-apotheke.at\/katalog\/wp-json\/wp\/v2\/media\/80592"}],"wp:attachment":[{"href":"https:\/\/www.ernstbrunn-apotheke.at\/katalog\/wp-json\/wp\/v2\/media?parent=80590"}],"wp:term":[{"taxonomy":"product_brand","embeddable":true,"href":"https:\/\/www.ernstbrunn-apotheke.at\/katalog\/wp-json\/wp\/v2\/product_brand?post=80590"},{"taxonomy":"product_cat","embeddable":true,"href":"https:\/\/www.ernstbrunn-apotheke.at\/katalog\/wp-json\/wp\/v2\/product_cat?post=80590"},{"taxonomy":"product_tag","embeddable":true,"href":"https:\/\/www.ernstbrunn-apotheke.at\/katalog\/wp-json\/wp\/v2\/product_tag?post=80590"}],"curies":[{"name":"wp","href":"https:\/\/api.w.org\/{rel}","templated":true}]}}