{"id":80560,"date":"2025-11-11T22:55:46","date_gmt":"2025-11-11T21:55:46","guid":{"rendered":"https:\/\/www.ernstbrunn-apotheke.at\/katalog\/produkt\/l-serin-500mg-kapseln\/"},"modified":"2025-12-08T19:13:15","modified_gmt":"2025-12-08T18:13:15","slug":"l-serin-500mg-kapseln","status":"publish","type":"product","link":"https:\/\/www.ernstbrunn-apotheke.at\/katalog\/produkt\/l-serin-500mg-kapseln\/","title":{"rendered":"L &#8211; Serin 500mg Kapseln"},"content":{"rendered":"<p>Gall Pharma L-Serin 500 mg Kapseln enthalten 500 mg L-Serin in einer Hartgelatinekapsel. Bedeutung hat L-Serin f\u00fcr die Bildung von Phosphatiden und Sphingosin. Dies sind phosphors\u00e4ureh\u00e4ltige Verbindungen, die einen Bestandteil des Nervengewebes und des Gehirns darstellen.<\/p>\n","protected":false},"excerpt":{"rendered":"<p>Gall Pharma L-Serin 500 mg Kapseln enthalten 500 mg L-Serin in einer Hartgelatinekapsel. Bedeutung hat L-Serin f\u00fcr die Bildung von Phosphatiden und Sphingosin. Dies sind phosphors\u00e4ureh\u00e4ltige Verbindungen, die einen Bestandteil des Nervengewebes und des Gehirns darstellen.<\/p>\n","protected":false},"featured_media":80562,"template":"","meta":{"_acf_changed":false},"product_brand":[371],"product_cat":[795],"product_tag":[],"class_list":{"0":"post-80560","1":"product","2":"type-product","3":"status-publish","4":"has-post-thumbnail","6":"product_brand-gall-pharma","7":"product_cat-l","8":"pa_packungsgroesse-60-stueck","10":"first","11":"instock","12":"shipping-taxable","13":"purchasable","14":"product-type-simple"},"acf":[],"_links":{"self":[{"href":"https:\/\/www.ernstbrunn-apotheke.at\/katalog\/wp-json\/wp\/v2\/product\/80560","targetHints":{"allow":["GET"]}}],"collection":[{"href":"https:\/\/www.ernstbrunn-apotheke.at\/katalog\/wp-json\/wp\/v2\/product"}],"about":[{"href":"https:\/\/www.ernstbrunn-apotheke.at\/katalog\/wp-json\/wp\/v2\/types\/product"}],"wp:featuredmedia":[{"embeddable":true,"href":"https:\/\/www.ernstbrunn-apotheke.at\/katalog\/wp-json\/wp\/v2\/media\/80562"}],"wp:attachment":[{"href":"https:\/\/www.ernstbrunn-apotheke.at\/katalog\/wp-json\/wp\/v2\/media?parent=80560"}],"wp:term":[{"taxonomy":"product_brand","embeddable":true,"href":"https:\/\/www.ernstbrunn-apotheke.at\/katalog\/wp-json\/wp\/v2\/product_brand?post=80560"},{"taxonomy":"product_cat","embeddable":true,"href":"https:\/\/www.ernstbrunn-apotheke.at\/katalog\/wp-json\/wp\/v2\/product_cat?post=80560"},{"taxonomy":"product_tag","embeddable":true,"href":"https:\/\/www.ernstbrunn-apotheke.at\/katalog\/wp-json\/wp\/v2\/product_tag?post=80560"}],"curies":[{"name":"wp","href":"https:\/\/api.w.org\/{rel}","templated":true}]}}