{"id":80501,"date":"2025-11-11T22:54:27","date_gmt":"2025-11-11T21:54:27","guid":{"rendered":"https:\/\/www.ernstbrunn-apotheke.at\/katalog\/produkt\/apimanu-ayurveda-kapseln-hypertosan-90-stk\/"},"modified":"2025-12-08T19:12:53","modified_gmt":"2025-12-08T18:12:53","slug":"apimanu-ayurveda-kapseln-hypertosan-90-stk","status":"publish","type":"product","link":"https:\/\/www.ernstbrunn-apotheke.at\/katalog\/produkt\/apimanu-ayurveda-kapseln-hypertosan-90-stk\/","title":{"rendered":"Apimanu Ayurveda Kapseln Hypertosan 90 Stk."},"content":{"rendered":"<p>Apimanu Ayurveda Kapseln Hypertosan bewirken die signifikante Reduzierung des Blutdrucks und verbessern zudem die maximale Arbeitsbelastung bei Herzschw\u00e4che. Au\u00dferdem wird die Verbesserung der Blutzirkulation und die Linderung bei Migr\u00e4ne und gef\u00e4\u00dfbedingtem Kopfschmerz erreicht.<\/p>\n","protected":false},"excerpt":{"rendered":"<p>Apimanu Ayurveda Kapseln Hypertosan bewirken die signifikante Reduzierung des Blutdrucks und verbessern zudem die maximale Arbeitsbelastung bei Herzschw\u00e4che. Au\u00dferdem wird die Verbesserung der Blutzirkulation und die Linderung bei Migr\u00e4ne und gef\u00e4\u00dfbedingtem Kopfschmerz erreicht.<\/p>\n","protected":false},"featured_media":80503,"template":"","meta":{"_acf_changed":false},"product_brand":[],"product_cat":[801],"product_tag":[],"class_list":{"0":"post-80501","1":"product","2":"type-product","3":"status-publish","4":"has-post-thumbnail","6":"product_cat-a","7":"pa_packungsgroesse-90-stueck","9":"first","10":"instock","11":"shipping-taxable","12":"purchasable","13":"product-type-simple"},"acf":[],"_links":{"self":[{"href":"https:\/\/www.ernstbrunn-apotheke.at\/katalog\/wp-json\/wp\/v2\/product\/80501","targetHints":{"allow":["GET"]}}],"collection":[{"href":"https:\/\/www.ernstbrunn-apotheke.at\/katalog\/wp-json\/wp\/v2\/product"}],"about":[{"href":"https:\/\/www.ernstbrunn-apotheke.at\/katalog\/wp-json\/wp\/v2\/types\/product"}],"wp:featuredmedia":[{"embeddable":true,"href":"https:\/\/www.ernstbrunn-apotheke.at\/katalog\/wp-json\/wp\/v2\/media\/80503"}],"wp:attachment":[{"href":"https:\/\/www.ernstbrunn-apotheke.at\/katalog\/wp-json\/wp\/v2\/media?parent=80501"}],"wp:term":[{"taxonomy":"product_brand","embeddable":true,"href":"https:\/\/www.ernstbrunn-apotheke.at\/katalog\/wp-json\/wp\/v2\/product_brand?post=80501"},{"taxonomy":"product_cat","embeddable":true,"href":"https:\/\/www.ernstbrunn-apotheke.at\/katalog\/wp-json\/wp\/v2\/product_cat?post=80501"},{"taxonomy":"product_tag","embeddable":true,"href":"https:\/\/www.ernstbrunn-apotheke.at\/katalog\/wp-json\/wp\/v2\/product_tag?post=80501"}],"curies":[{"name":"wp","href":"https:\/\/api.w.org\/{rel}","templated":true}]}}