{"id":80482,"date":"2025-11-11T22:54:27","date_gmt":"2025-11-11T21:54:27","guid":{"rendered":"https:\/\/www.ernstbrunn-apotheke.at\/katalog\/produkt\/hartmann-medicomp-4-fach-steril-200-stk-10-x-10-cm\/"},"modified":"2025-12-08T19:12:46","modified_gmt":"2025-12-08T18:12:46","slug":"hartmann-medicomp-4-fach-steril-200-stk-10-x-10-cm","status":"publish","type":"product","link":"https:\/\/www.ernstbrunn-apotheke.at\/katalog\/produkt\/hartmann-medicomp-4-fach-steril-200-stk-10-x-10-cm\/","title":{"rendered":"Hartmann Medicomp 4-fach steril 200 Stk. 10 x 10 cm"},"content":{"rendered":"<p>Medicomp\u00ae Vliesstoff-Kompresse aus 70% Zellwolle und 30% Polyesterfasern verf\u00fcgen \u00fcber eine offene, mull\u00e4hnliche Struktur. Sie sind damit sehr saugf\u00e4hig, weich und luftdurchl\u00e4ssig. Der Vliesstoff ist rein mechanisch verfestigt und frei von Bindemitteln sowie optischen Aufhellern. In mehreren Varianten verf\u00fcgbar<\/p>\n","protected":false},"excerpt":{"rendered":"<p>Medicomp\u00ae Vliesstoff-Kompresse aus 70% Zellwolle und 30% Polyesterfasern verf\u00fcgen \u00fcber eine offene, mull\u00e4hnliche Struktur. Sie sind damit sehr saugf\u00e4hig, weich und luftdurchl\u00e4ssig. Der Vliesstoff ist rein mechanisch verfestigt und frei von Bindemitteln sowie optischen Aufhellern. In mehreren Varianten verf\u00fcgbar<\/p>\n","protected":false},"featured_media":80484,"template":"","meta":{"_acf_changed":false},"product_brand":[],"product_cat":[805],"product_tag":[],"class_list":{"0":"post-80482","1":"product","2":"type-product","3":"status-publish","4":"has-post-thumbnail","6":"product_cat-h","7":"pa_packungsgroesse-500","9":"first","10":"instock","11":"shipping-taxable","12":"purchasable","13":"product-type-simple"},"acf":[],"_links":{"self":[{"href":"https:\/\/www.ernstbrunn-apotheke.at\/katalog\/wp-json\/wp\/v2\/product\/80482","targetHints":{"allow":["GET"]}}],"collection":[{"href":"https:\/\/www.ernstbrunn-apotheke.at\/katalog\/wp-json\/wp\/v2\/product"}],"about":[{"href":"https:\/\/www.ernstbrunn-apotheke.at\/katalog\/wp-json\/wp\/v2\/types\/product"}],"wp:featuredmedia":[{"embeddable":true,"href":"https:\/\/www.ernstbrunn-apotheke.at\/katalog\/wp-json\/wp\/v2\/media\/80484"}],"wp:attachment":[{"href":"https:\/\/www.ernstbrunn-apotheke.at\/katalog\/wp-json\/wp\/v2\/media?parent=80482"}],"wp:term":[{"taxonomy":"product_brand","embeddable":true,"href":"https:\/\/www.ernstbrunn-apotheke.at\/katalog\/wp-json\/wp\/v2\/product_brand?post=80482"},{"taxonomy":"product_cat","embeddable":true,"href":"https:\/\/www.ernstbrunn-apotheke.at\/katalog\/wp-json\/wp\/v2\/product_cat?post=80482"},{"taxonomy":"product_tag","embeddable":true,"href":"https:\/\/www.ernstbrunn-apotheke.at\/katalog\/wp-json\/wp\/v2\/product_tag?post=80482"}],"curies":[{"name":"wp","href":"https:\/\/api.w.org\/{rel}","templated":true}]}}