{"id":80463,"date":"2025-11-11T22:53:59","date_gmt":"2025-11-11T21:53:59","guid":{"rendered":"https:\/\/www.ernstbrunn-apotheke.at\/katalog\/produkt\/seewald-alogista-60-stk\/"},"modified":"2025-12-08T19:12:35","modified_gmt":"2025-12-08T18:12:35","slug":"seewald-alogista-60-stk","status":"publish","type":"product","link":"https:\/\/www.ernstbrunn-apotheke.at\/katalog\/produkt\/seewald-alogista-60-stk\/","title":{"rendered":"SEEWALD Alogista 60 Stk."},"content":{"rendered":"<p>SEEWALD Alogista ist ein Nahrungserg\u00e4nzungsmittel zur Unterst\u00fctzung des Immunsystems. Es ist besonders reich an Vitamin B6 und Vitamin C, die gemeinsam ein gesunden Immunsystem und einen gesunden Energiestoffwechsel beg\u00fcnstigen und M\u00fcdigkeit und Erm\u00fcdung verringern und dem Mineralstoff Zink, der den Zellen einen optimalen Schutz vor oxidativem Stress bieten. Das Produkt ist gluten- und laktosefrei und auch f\u00fcr Vegetarier und Veganer bestens geeignet &#8211; profitieren Sie von hohen Rabatten und dem gro\u00dfen Sortiment einer Standortapotheke!<\/p>\n","protected":false},"excerpt":{"rendered":"<p>SEEWALD Alogista ist ein Nahrungserg\u00e4nzungsmittel zur Unterst\u00fctzung des Immunsystems. Es ist besonders reich an Vitamin B6 und Vitamin C, die gemeinsam ein gesunden Immunsystem und einen gesunden Energiestoffwechsel beg\u00fcnstigen und M\u00fcdigkeit und Erm\u00fcdung verringern und dem Mineralstoff Zink, der den Zellen einen optimalen Schutz vor oxidativem Stress bieten. Das Produkt ist gluten- und laktosefrei und [&hellip;]<\/p>\n","protected":false},"featured_media":80465,"template":"","meta":{"_acf_changed":false},"product_brand":[1067],"product_cat":[791],"product_tag":[],"class_list":{"0":"post-80463","1":"product","2":"type-product","3":"status-publish","4":"has-post-thumbnail","6":"product_brand-seewald","7":"product_cat-s","8":"pa_packungsgroesse-60-stueck","10":"first","11":"instock","12":"shipping-taxable","13":"purchasable","14":"product-type-simple"},"acf":[],"_links":{"self":[{"href":"https:\/\/www.ernstbrunn-apotheke.at\/katalog\/wp-json\/wp\/v2\/product\/80463","targetHints":{"allow":["GET"]}}],"collection":[{"href":"https:\/\/www.ernstbrunn-apotheke.at\/katalog\/wp-json\/wp\/v2\/product"}],"about":[{"href":"https:\/\/www.ernstbrunn-apotheke.at\/katalog\/wp-json\/wp\/v2\/types\/product"}],"wp:featuredmedia":[{"embeddable":true,"href":"https:\/\/www.ernstbrunn-apotheke.at\/katalog\/wp-json\/wp\/v2\/media\/80465"}],"wp:attachment":[{"href":"https:\/\/www.ernstbrunn-apotheke.at\/katalog\/wp-json\/wp\/v2\/media?parent=80463"}],"wp:term":[{"taxonomy":"product_brand","embeddable":true,"href":"https:\/\/www.ernstbrunn-apotheke.at\/katalog\/wp-json\/wp\/v2\/product_brand?post=80463"},{"taxonomy":"product_cat","embeddable":true,"href":"https:\/\/www.ernstbrunn-apotheke.at\/katalog\/wp-json\/wp\/v2\/product_cat?post=80463"},{"taxonomy":"product_tag","embeddable":true,"href":"https:\/\/www.ernstbrunn-apotheke.at\/katalog\/wp-json\/wp\/v2\/product_tag?post=80463"}],"curies":[{"name":"wp","href":"https:\/\/api.w.org\/{rel}","templated":true}]}}