{"id":80458,"date":"2025-11-11T22:53:59","date_gmt":"2025-11-11T21:53:59","guid":{"rendered":"https:\/\/www.ernstbrunn-apotheke.at\/katalog\/produkt\/herome-desinfect-sos-handgel-75-ml\/"},"modified":"2025-12-08T19:12:31","modified_gmt":"2025-12-08T18:12:31","slug":"herome-desinfect-sos-handgel-75-ml","status":"publish","type":"product","link":"https:\/\/www.ernstbrunn-apotheke.at\/katalog\/produkt\/herome-desinfect-sos-handgel-75-ml\/","title":{"rendered":"Herome Desinfect SOS Handgel 75 ml"},"content":{"rendered":"<p>Herome Desinfect SOS Handgel ist die schnelle und effektive L\u00f6sung f\u00fcr die Reinigung deiner H\u00e4nde ohne Wasser und Seife. Es trocknet in Sekunden und ist antibakteriell. Das extra milde Gel eignet sich zur Anwendung f\u00fcr empfindliche H\u00e4nde<\/p>\n","protected":false},"excerpt":{"rendered":"<p>Herome Desinfect SOS Handgel ist die schnelle und effektive L\u00f6sung f\u00fcr die Reinigung deiner H\u00e4nde ohne Wasser und Seife. Es trocknet in Sekunden und ist antibakteriell. Das extra milde Gel eignet sich zur Anwendung f\u00fcr empfindliche H\u00e4nde<\/p>\n","protected":false},"featured_media":80460,"template":"","meta":{"_acf_changed":false},"product_brand":[],"product_cat":[805],"product_tag":[],"class_list":{"0":"post-80458","1":"product","2":"type-product","3":"status-publish","4":"has-post-thumbnail","6":"product_cat-h","7":"pa_packungsgroesse-75ml","9":"first","10":"instock","11":"shipping-taxable","12":"purchasable","13":"product-type-simple"},"acf":[],"_links":{"self":[{"href":"https:\/\/www.ernstbrunn-apotheke.at\/katalog\/wp-json\/wp\/v2\/product\/80458","targetHints":{"allow":["GET"]}}],"collection":[{"href":"https:\/\/www.ernstbrunn-apotheke.at\/katalog\/wp-json\/wp\/v2\/product"}],"about":[{"href":"https:\/\/www.ernstbrunn-apotheke.at\/katalog\/wp-json\/wp\/v2\/types\/product"}],"wp:featuredmedia":[{"embeddable":true,"href":"https:\/\/www.ernstbrunn-apotheke.at\/katalog\/wp-json\/wp\/v2\/media\/80460"}],"wp:attachment":[{"href":"https:\/\/www.ernstbrunn-apotheke.at\/katalog\/wp-json\/wp\/v2\/media?parent=80458"}],"wp:term":[{"taxonomy":"product_brand","embeddable":true,"href":"https:\/\/www.ernstbrunn-apotheke.at\/katalog\/wp-json\/wp\/v2\/product_brand?post=80458"},{"taxonomy":"product_cat","embeddable":true,"href":"https:\/\/www.ernstbrunn-apotheke.at\/katalog\/wp-json\/wp\/v2\/product_cat?post=80458"},{"taxonomy":"product_tag","embeddable":true,"href":"https:\/\/www.ernstbrunn-apotheke.at\/katalog\/wp-json\/wp\/v2\/product_tag?post=80458"}],"curies":[{"name":"wp","href":"https:\/\/api.w.org\/{rel}","templated":true}]}}