{"id":8044,"date":"2025-11-07T13:34:00","date_gmt":"2025-11-07T12:34:00","guid":{"rendered":"https:\/\/www.ernstbrunn-apotheke.at\/katalog\/produkt\/sandoz-toppoll-tabletten-10mg-antihistaminikum\/"},"modified":"2025-12-08T13:24:47","modified_gmt":"2025-12-08T12:24:47","slug":"sandoz-toppoll-tabletten-10mg-antihistaminikum","status":"publish","type":"product","link":"https:\/\/www.ernstbrunn-apotheke.at\/katalog\/produkt\/sandoz-toppoll-tabletten-10mg-antihistaminikum\/","title":{"rendered":"Sandoz TOPPOLL Tabletten 10mg &#8211; Antihistaminikum"},"content":{"rendered":"<p>Toppoll 10 mg Tabletten geh\u00f6ren zur Gruppe der Antihistaminika und sind geeignet zur Behandlung von allergisch bedingten Entz\u00fcndungen in der Nase. Dazu z\u00e4hlen etwa Heuschnupfen und chronische Nesselsucht unbekannter Ursache. Diese Tabletten erhalten Sie in den Packungsgr\u00f6\u00dfen 10 und 30 St\u00fcck.<\/p>\n","protected":false},"excerpt":{"rendered":"<p>Toppoll 10 mg Tabletten geh\u00f6ren zur Gruppe der Antihistaminika und sind geeignet zur Behandlung von allergisch bedingten Entz\u00fcndungen in der Nase. Dazu z\u00e4hlen etwa Heuschnupfen und chronische Nesselsucht unbekannter Ursache. Diese Tabletten erhalten Sie in den Packungsgr\u00f6\u00dfen 10 und 30 St\u00fcck.<\/p>\n","protected":false},"featured_media":8046,"template":"","meta":{"_acf_changed":false},"product_brand":[],"product_cat":[791],"product_tag":[],"class_list":{"0":"post-8044","1":"product","2":"type-product","3":"status-publish","4":"has-post-thumbnail","6":"product_cat-s","7":"pa_packungsgroesse-30-stueck","9":"first","10":"instock","11":"shipping-taxable","12":"purchasable","13":"product-type-simple"},"acf":[],"_links":{"self":[{"href":"https:\/\/www.ernstbrunn-apotheke.at\/katalog\/wp-json\/wp\/v2\/product\/8044","targetHints":{"allow":["GET"]}}],"collection":[{"href":"https:\/\/www.ernstbrunn-apotheke.at\/katalog\/wp-json\/wp\/v2\/product"}],"about":[{"href":"https:\/\/www.ernstbrunn-apotheke.at\/katalog\/wp-json\/wp\/v2\/types\/product"}],"wp:featuredmedia":[{"embeddable":true,"href":"https:\/\/www.ernstbrunn-apotheke.at\/katalog\/wp-json\/wp\/v2\/media\/8046"}],"wp:attachment":[{"href":"https:\/\/www.ernstbrunn-apotheke.at\/katalog\/wp-json\/wp\/v2\/media?parent=8044"}],"wp:term":[{"taxonomy":"product_brand","embeddable":true,"href":"https:\/\/www.ernstbrunn-apotheke.at\/katalog\/wp-json\/wp\/v2\/product_brand?post=8044"},{"taxonomy":"product_cat","embeddable":true,"href":"https:\/\/www.ernstbrunn-apotheke.at\/katalog\/wp-json\/wp\/v2\/product_cat?post=8044"},{"taxonomy":"product_tag","embeddable":true,"href":"https:\/\/www.ernstbrunn-apotheke.at\/katalog\/wp-json\/wp\/v2\/product_tag?post=8044"}],"curies":[{"name":"wp","href":"https:\/\/api.w.org\/{rel}","templated":true}]}}