{"id":80339,"date":"2025-11-11T22:51:44","date_gmt":"2025-11-11T21:51:44","guid":{"rendered":"https:\/\/www.ernstbrunn-apotheke.at\/katalog\/produkt\/naturdent-reinigung-tabletten-48-stk\/"},"modified":"2025-12-08T19:11:51","modified_gmt":"2025-12-08T18:11:51","slug":"naturdent-reinigung-tabletten-48-stk","status":"publish","type":"product","link":"https:\/\/www.ernstbrunn-apotheke.at\/katalog\/produkt\/naturdent-reinigung-tabletten-48-stk\/","title":{"rendered":"Naturdent Reinigung Tabletten 48 Stk."},"content":{"rendered":"<p>Naturdent Reinigung Tabletten entfernen verl\u00e4sslich die Reste der NaturDent Haftcreme und bieten eine kraftvolle, aber schonende Reinigung Ihrer Dritten. Au\u00dferdem wird Plaque entfernt und Mundgeruch bek\u00e4mpft. Zur t\u00e4glichen Reinigung Ihrer Dritten geeignet.<\/p>\n","protected":false},"excerpt":{"rendered":"<p>Naturdent Reinigung Tabletten entfernen verl\u00e4sslich die Reste der NaturDent Haftcreme und bieten eine kraftvolle, aber schonende Reinigung Ihrer Dritten. Au\u00dferdem wird Plaque entfernt und Mundgeruch bek\u00e4mpft. Zur t\u00e4glichen Reinigung Ihrer Dritten geeignet.<\/p>\n","protected":false},"featured_media":80341,"template":"","meta":{"_acf_changed":false},"product_brand":[],"product_cat":[797],"product_tag":[],"class_list":{"0":"post-80339","1":"product","2":"type-product","3":"status-publish","4":"has-post-thumbnail","6":"product_cat-n","7":"pa_packungsgroesse-48-stueck","9":"first","10":"instock","11":"shipping-taxable","12":"purchasable","13":"product-type-simple"},"acf":[],"_links":{"self":[{"href":"https:\/\/www.ernstbrunn-apotheke.at\/katalog\/wp-json\/wp\/v2\/product\/80339","targetHints":{"allow":["GET"]}}],"collection":[{"href":"https:\/\/www.ernstbrunn-apotheke.at\/katalog\/wp-json\/wp\/v2\/product"}],"about":[{"href":"https:\/\/www.ernstbrunn-apotheke.at\/katalog\/wp-json\/wp\/v2\/types\/product"}],"wp:featuredmedia":[{"embeddable":true,"href":"https:\/\/www.ernstbrunn-apotheke.at\/katalog\/wp-json\/wp\/v2\/media\/80341"}],"wp:attachment":[{"href":"https:\/\/www.ernstbrunn-apotheke.at\/katalog\/wp-json\/wp\/v2\/media?parent=80339"}],"wp:term":[{"taxonomy":"product_brand","embeddable":true,"href":"https:\/\/www.ernstbrunn-apotheke.at\/katalog\/wp-json\/wp\/v2\/product_brand?post=80339"},{"taxonomy":"product_cat","embeddable":true,"href":"https:\/\/www.ernstbrunn-apotheke.at\/katalog\/wp-json\/wp\/v2\/product_cat?post=80339"},{"taxonomy":"product_tag","embeddable":true,"href":"https:\/\/www.ernstbrunn-apotheke.at\/katalog\/wp-json\/wp\/v2\/product_tag?post=80339"}],"curies":[{"name":"wp","href":"https:\/\/api.w.org\/{rel}","templated":true}]}}