{"id":80279,"date":"2025-11-11T22:50:47","date_gmt":"2025-11-11T21:50:47","guid":{"rendered":"https:\/\/www.ernstbrunn-apotheke.at\/katalog\/produkt\/l-alanin-500mg-kapseln\/"},"modified":"2025-12-08T19:11:33","modified_gmt":"2025-12-08T18:11:33","slug":"l-alanin-500mg-kapseln","status":"publish","type":"product","link":"https:\/\/www.ernstbrunn-apotheke.at\/katalog\/produkt\/l-alanin-500mg-kapseln\/","title":{"rendered":"L &#8211; Alanin 500mg Kapseln"},"content":{"rendered":"<p>L-Alanin Kapseln enthalten 500 mg L-Alanin in einer Hartgelatinekapsel. L-Alanin ist eine wichtige Aminos\u00e4ure des Muskelgewebes und f\u00fcr die Energiebereitstellung und die Regulierung des Blutzuckerspiegels von gro\u00dfer Bedeutung. Diese Aminos\u00e4ure ist daher von gro\u00dfer Bedeutung f\u00fcr Sportler unter H\u00f6chstleistungen.<\/p>\n","protected":false},"excerpt":{"rendered":"<p>L-Alanin Kapseln enthalten 500 mg L-Alanin in einer Hartgelatinekapsel. L-Alanin ist eine wichtige Aminos\u00e4ure des Muskelgewebes und f\u00fcr die Energiebereitstellung und die Regulierung des Blutzuckerspiegels von gro\u00dfer Bedeutung. Diese Aminos\u00e4ure ist daher von gro\u00dfer Bedeutung f\u00fcr Sportler unter H\u00f6chstleistungen.<\/p>\n","protected":false},"featured_media":80281,"template":"","meta":{"_acf_changed":false},"product_brand":[371],"product_cat":[795],"product_tag":[],"class_list":{"0":"post-80279","1":"product","2":"type-product","3":"status-publish","4":"has-post-thumbnail","6":"product_brand-gall-pharma","7":"product_cat-l","8":"pa_packungsgroesse-60-stueck","10":"first","11":"instock","12":"shipping-taxable","13":"purchasable","14":"product-type-simple"},"acf":[],"_links":{"self":[{"href":"https:\/\/www.ernstbrunn-apotheke.at\/katalog\/wp-json\/wp\/v2\/product\/80279","targetHints":{"allow":["GET"]}}],"collection":[{"href":"https:\/\/www.ernstbrunn-apotheke.at\/katalog\/wp-json\/wp\/v2\/product"}],"about":[{"href":"https:\/\/www.ernstbrunn-apotheke.at\/katalog\/wp-json\/wp\/v2\/types\/product"}],"wp:featuredmedia":[{"embeddable":true,"href":"https:\/\/www.ernstbrunn-apotheke.at\/katalog\/wp-json\/wp\/v2\/media\/80281"}],"wp:attachment":[{"href":"https:\/\/www.ernstbrunn-apotheke.at\/katalog\/wp-json\/wp\/v2\/media?parent=80279"}],"wp:term":[{"taxonomy":"product_brand","embeddable":true,"href":"https:\/\/www.ernstbrunn-apotheke.at\/katalog\/wp-json\/wp\/v2\/product_brand?post=80279"},{"taxonomy":"product_cat","embeddable":true,"href":"https:\/\/www.ernstbrunn-apotheke.at\/katalog\/wp-json\/wp\/v2\/product_cat?post=80279"},{"taxonomy":"product_tag","embeddable":true,"href":"https:\/\/www.ernstbrunn-apotheke.at\/katalog\/wp-json\/wp\/v2\/product_tag?post=80279"}],"curies":[{"name":"wp","href":"https:\/\/api.w.org\/{rel}","templated":true}]}}