{"id":80270,"date":"2025-11-11T22:50:47","date_gmt":"2025-11-11T21:50:47","guid":{"rendered":"https:\/\/www.ernstbrunn-apotheke.at\/katalog\/produkt\/fortimel-comp-fibre-125-erdbeer-24-stk\/"},"modified":"2025-12-08T19:11:27","modified_gmt":"2025-12-08T18:11:27","slug":"fortimel-comp-fibre-125-erdbeer-24-stk","status":"publish","type":"product","link":"https:\/\/www.ernstbrunn-apotheke.at\/katalog\/produkt\/fortimel-comp-fibre-125-erdbeer-24-stk\/","title":{"rendered":"Fortimel Comp Fibre 125 Erdbeer 24 Stk."},"content":{"rendered":"<p>Fortimel bietet Patienten, die mehr Kalorien und N\u00e4hrstoffe ben\u00f6tigen, als sie \u00fcber die normale Kost aufnehmen k\u00f6nnen, eine vielf\u00e4ltige Auswahl an wohlschmeckenden Trinknahrungen.<\/p>\n","protected":false},"excerpt":{"rendered":"<p>Fortimel bietet Patienten, die mehr Kalorien und N\u00e4hrstoffe ben\u00f6tigen, als sie \u00fcber die normale Kost aufnehmen k\u00f6nnen, eine vielf\u00e4ltige Auswahl an wohlschmeckenden Trinknahrungen.<\/p>\n","protected":false},"featured_media":80272,"template":"","meta":{"_acf_changed":false},"product_brand":[952],"product_cat":[809],"product_tag":[],"class_list":{"0":"post-80270","1":"product","2":"type-product","3":"status-publish","4":"has-post-thumbnail","6":"product_brand-fortimel","7":"product_cat-f","8":"pa_geschmack-erdbeere","9":"pa_packungsgroesse-24-stueck","11":"first","12":"instock","13":"shipping-taxable","14":"purchasable","15":"product-type-simple"},"acf":[],"_links":{"self":[{"href":"https:\/\/www.ernstbrunn-apotheke.at\/katalog\/wp-json\/wp\/v2\/product\/80270","targetHints":{"allow":["GET"]}}],"collection":[{"href":"https:\/\/www.ernstbrunn-apotheke.at\/katalog\/wp-json\/wp\/v2\/product"}],"about":[{"href":"https:\/\/www.ernstbrunn-apotheke.at\/katalog\/wp-json\/wp\/v2\/types\/product"}],"wp:featuredmedia":[{"embeddable":true,"href":"https:\/\/www.ernstbrunn-apotheke.at\/katalog\/wp-json\/wp\/v2\/media\/80272"}],"wp:attachment":[{"href":"https:\/\/www.ernstbrunn-apotheke.at\/katalog\/wp-json\/wp\/v2\/media?parent=80270"}],"wp:term":[{"taxonomy":"product_brand","embeddable":true,"href":"https:\/\/www.ernstbrunn-apotheke.at\/katalog\/wp-json\/wp\/v2\/product_brand?post=80270"},{"taxonomy":"product_cat","embeddable":true,"href":"https:\/\/www.ernstbrunn-apotheke.at\/katalog\/wp-json\/wp\/v2\/product_cat?post=80270"},{"taxonomy":"product_tag","embeddable":true,"href":"https:\/\/www.ernstbrunn-apotheke.at\/katalog\/wp-json\/wp\/v2\/product_tag?post=80270"}],"curies":[{"name":"wp","href":"https:\/\/api.w.org\/{rel}","templated":true}]}}