{"id":80200,"date":"2025-11-11T22:49:18","date_gmt":"2025-11-11T21:49:18","guid":{"rendered":"https:\/\/www.ernstbrunn-apotheke.at\/katalog\/produkt\/bios-vitamin-e-15-mg-kapseln\/"},"modified":"2025-12-08T19:11:00","modified_gmt":"2025-12-08T18:11:00","slug":"bios-vitamin-e-15-mg-kapseln","status":"publish","type":"product","link":"https:\/\/www.ernstbrunn-apotheke.at\/katalog\/produkt\/bios-vitamin-e-15-mg-kapseln\/","title":{"rendered":"Bios Vitamin E 15 mg Kapseln"},"content":{"rendered":"<p>Bios Vitamin E 15 mg Kapseln enthalten 15 mg Vitamin E in Form von \u2013-Tocopherolacetat in einer Hartgelatinekapsel. Vitamin E tr\u00e4gt dazu bei, die Zellen vor oxidativem Stress zu sch\u00fctzen. Vitamin E ist vor Allem in Blattgem\u00fcse, Erdn\u00fcssen, Weizenkeim\u00f6l und anderen pflanzlichen \u00d6len enthalten.<\/p>\n","protected":false},"excerpt":{"rendered":"<p>Bios Vitamin E 15 mg Kapseln enthalten 15 mg Vitamin E in Form von \u2013-Tocopherolacetat in einer Hartgelatinekapsel. Vitamin E tr\u00e4gt dazu bei, die Zellen vor oxidativem Stress zu sch\u00fctzen. Vitamin E ist vor Allem in Blattgem\u00fcse, Erdn\u00fcssen, Weizenkeim\u00f6l und anderen pflanzlichen \u00d6len enthalten.<\/p>\n","protected":false},"featured_media":80202,"template":"","meta":{"_acf_changed":false},"product_brand":[],"product_cat":[802],"product_tag":[],"class_list":{"0":"post-80200","1":"product","2":"type-product","3":"status-publish","4":"has-post-thumbnail","6":"product_cat-b","7":"pa_packungsgroesse-100-stueck","9":"first","10":"instock","11":"shipping-taxable","12":"purchasable","13":"product-type-simple"},"acf":[],"_links":{"self":[{"href":"https:\/\/www.ernstbrunn-apotheke.at\/katalog\/wp-json\/wp\/v2\/product\/80200","targetHints":{"allow":["GET"]}}],"collection":[{"href":"https:\/\/www.ernstbrunn-apotheke.at\/katalog\/wp-json\/wp\/v2\/product"}],"about":[{"href":"https:\/\/www.ernstbrunn-apotheke.at\/katalog\/wp-json\/wp\/v2\/types\/product"}],"wp:featuredmedia":[{"embeddable":true,"href":"https:\/\/www.ernstbrunn-apotheke.at\/katalog\/wp-json\/wp\/v2\/media\/80202"}],"wp:attachment":[{"href":"https:\/\/www.ernstbrunn-apotheke.at\/katalog\/wp-json\/wp\/v2\/media?parent=80200"}],"wp:term":[{"taxonomy":"product_brand","embeddable":true,"href":"https:\/\/www.ernstbrunn-apotheke.at\/katalog\/wp-json\/wp\/v2\/product_brand?post=80200"},{"taxonomy":"product_cat","embeddable":true,"href":"https:\/\/www.ernstbrunn-apotheke.at\/katalog\/wp-json\/wp\/v2\/product_cat?post=80200"},{"taxonomy":"product_tag","embeddable":true,"href":"https:\/\/www.ernstbrunn-apotheke.at\/katalog\/wp-json\/wp\/v2\/product_tag?post=80200"}],"curies":[{"name":"wp","href":"https:\/\/api.w.org\/{rel}","templated":true}]}}