{"id":80145,"date":"2025-11-11T22:47:41","date_gmt":"2025-11-11T21:47:41","guid":{"rendered":"https:\/\/www.ernstbrunn-apotheke.at\/katalog\/produkt\/staudt-taeglich-beweglich-gruenlippmuschelpulver-kapseln-180-stk\/"},"modified":"2025-12-08T19:10:43","modified_gmt":"2025-12-08T18:10:43","slug":"staudt-taeglich-beweglich-gruenlippmuschelpulver-kapseln-180-stk","status":"publish","type":"product","link":"https:\/\/www.ernstbrunn-apotheke.at\/katalog\/produkt\/staudt-taeglich-beweglich-gruenlippmuschelpulver-kapseln-180-stk\/","title":{"rendered":"Staudt T\u00e4glich Beweglich Gr\u00fcnlippmuschelpulver Kapseln 180 Stk."},"content":{"rendered":"<p>Staudt T\u00e4glich Beweglich Gr\u00fcnlippmuschelpulver Kapseln ist ein Nahrungserg\u00e4nzungsmittel mit Gr\u00fcnlippmuschel-Extrakt zur Unterst\u00fctzung der Gelenkgesundheit. Das Extrakt aus der Gr\u00fcnlippmuschel enth\u00e4lt hochwertige Glykosaminoglykane und andere wichtige N\u00e4hrstoffe, die dem Knorpelabbau der Gelenke und Arthrosen entgegenwirken.<\/p>\n","protected":false},"excerpt":{"rendered":"<p>Staudt T\u00e4glich Beweglich Gr\u00fcnlippmuschelpulver Kapseln ist ein Nahrungserg\u00e4nzungsmittel mit Gr\u00fcnlippmuschel-Extrakt zur Unterst\u00fctzung der Gelenkgesundheit. Das Extrakt aus der Gr\u00fcnlippmuschel enth\u00e4lt hochwertige Glykosaminoglykane und andere wichtige N\u00e4hrstoffe, die dem Knorpelabbau der Gelenke und Arthrosen entgegenwirken.<\/p>\n","protected":false},"featured_media":80147,"template":"","meta":{"_acf_changed":false},"product_brand":[],"product_cat":[791],"product_tag":[],"class_list":{"0":"post-80145","1":"product","2":"type-product","3":"status-publish","4":"has-post-thumbnail","6":"product_cat-s","7":"pa_packungsgroesse-180-stueck","9":"first","10":"instock","11":"shipping-taxable","12":"purchasable","13":"product-type-simple"},"acf":[],"_links":{"self":[{"href":"https:\/\/www.ernstbrunn-apotheke.at\/katalog\/wp-json\/wp\/v2\/product\/80145","targetHints":{"allow":["GET"]}}],"collection":[{"href":"https:\/\/www.ernstbrunn-apotheke.at\/katalog\/wp-json\/wp\/v2\/product"}],"about":[{"href":"https:\/\/www.ernstbrunn-apotheke.at\/katalog\/wp-json\/wp\/v2\/types\/product"}],"wp:featuredmedia":[{"embeddable":true,"href":"https:\/\/www.ernstbrunn-apotheke.at\/katalog\/wp-json\/wp\/v2\/media\/80147"}],"wp:attachment":[{"href":"https:\/\/www.ernstbrunn-apotheke.at\/katalog\/wp-json\/wp\/v2\/media?parent=80145"}],"wp:term":[{"taxonomy":"product_brand","embeddable":true,"href":"https:\/\/www.ernstbrunn-apotheke.at\/katalog\/wp-json\/wp\/v2\/product_brand?post=80145"},{"taxonomy":"product_cat","embeddable":true,"href":"https:\/\/www.ernstbrunn-apotheke.at\/katalog\/wp-json\/wp\/v2\/product_cat?post=80145"},{"taxonomy":"product_tag","embeddable":true,"href":"https:\/\/www.ernstbrunn-apotheke.at\/katalog\/wp-json\/wp\/v2\/product_tag?post=80145"}],"curies":[{"name":"wp","href":"https:\/\/api.w.org\/{rel}","templated":true}]}}