{"id":80100,"date":"2025-11-11T22:47:13","date_gmt":"2025-11-11T21:47:13","guid":{"rendered":"https:\/\/www.ernstbrunn-apotheke.at\/katalog\/produkt\/johannisbrotkernmehl-pulver-junek-250-g\/"},"modified":"2025-12-08T19:10:25","modified_gmt":"2025-12-08T18:10:25","slug":"johannisbrotkernmehl-pulver-junek-250-g","status":"publish","type":"product","link":"https:\/\/www.ernstbrunn-apotheke.at\/katalog\/produkt\/johannisbrotkernmehl-pulver-junek-250-g\/","title":{"rendered":"Johannisbrotkernmehl Pulver Junek 250 g"},"content":{"rendered":"<p>Johannisbrotkernmehl Pulver ist frei von verwertbaren Kohlehydraten und findet somit haupts\u00e4chlich Einsatz als pflanzliches Binde- und Verdickungsmittel. Es kann statt Mehl, St\u00e4rke oder Eigelb zum Binden von So\u00dfen, Suppen, Brot und Backwaren, Desserts und S\u00e4ften verwendet werden.<\/p>\n","protected":false},"excerpt":{"rendered":"<p>Johannisbrotkernmehl Pulver ist frei von verwertbaren Kohlehydraten und findet somit haupts\u00e4chlich Einsatz als pflanzliches Binde- und Verdickungsmittel. Es kann statt Mehl, St\u00e4rke oder Eigelb zum Binden von So\u00dfen, Suppen, Brot und Backwaren, Desserts und S\u00e4ften verwendet werden.<\/p>\n","protected":false},"featured_media":0,"template":"","meta":{"_acf_changed":false},"product_brand":[],"product_cat":[947],"product_tag":[],"class_list":{"0":"post-80100","1":"product","2":"type-product","3":"status-publish","5":"product_cat-j","6":"pa_packungsgroesse-250g","8":"first","9":"instock","10":"shipping-taxable","11":"purchasable","12":"product-type-simple"},"acf":[],"_links":{"self":[{"href":"https:\/\/www.ernstbrunn-apotheke.at\/katalog\/wp-json\/wp\/v2\/product\/80100","targetHints":{"allow":["GET"]}}],"collection":[{"href":"https:\/\/www.ernstbrunn-apotheke.at\/katalog\/wp-json\/wp\/v2\/product"}],"about":[{"href":"https:\/\/www.ernstbrunn-apotheke.at\/katalog\/wp-json\/wp\/v2\/types\/product"}],"wp:attachment":[{"href":"https:\/\/www.ernstbrunn-apotheke.at\/katalog\/wp-json\/wp\/v2\/media?parent=80100"}],"wp:term":[{"taxonomy":"product_brand","embeddable":true,"href":"https:\/\/www.ernstbrunn-apotheke.at\/katalog\/wp-json\/wp\/v2\/product_brand?post=80100"},{"taxonomy":"product_cat","embeddable":true,"href":"https:\/\/www.ernstbrunn-apotheke.at\/katalog\/wp-json\/wp\/v2\/product_cat?post=80100"},{"taxonomy":"product_tag","embeddable":true,"href":"https:\/\/www.ernstbrunn-apotheke.at\/katalog\/wp-json\/wp\/v2\/product_tag?post=80100"}],"curies":[{"name":"wp","href":"https:\/\/api.w.org\/{rel}","templated":true}]}}