{"id":80087,"date":"2025-11-11T22:47:13","date_gmt":"2025-11-11T21:47:13","guid":{"rendered":"https:\/\/www.ernstbrunn-apotheke.at\/katalog\/produkt\/speick-wellness-seife-lavendel-bergamotte-200-g\/"},"modified":"2025-12-08T19:10:16","modified_gmt":"2025-12-08T18:10:16","slug":"speick-wellness-seife-lavendel-bergamotte-200-g","status":"publish","type":"product","link":"https:\/\/www.ernstbrunn-apotheke.at\/katalog\/produkt\/speick-wellness-seife-lavendel-bergamotte-200-g\/","title":{"rendered":"Speick Wellness Seife Lavendel &#038; Bergamotte 200 g"},"content":{"rendered":"<p>Die SPEICK Wellness Seife ist eine Wellness-Seifenpflege mit einer beruhigenden Komposition aus Lavendel\u00f6l und dem stimulierenden \u00d6l der Bergamottefrucht und verw\u00f6hnt Haut und Sinne. Das Produkt ist frei von synthetischen Duft-, Farb- und Konservierungsstoffen sowie von Rohstoffen auf Mineral\u00f6lbasis &#8211; wir f\u00fchren alle Produkte von Speick zu Sonderpreisen!<\/p>\n","protected":false},"excerpt":{"rendered":"<p>Die SPEICK Wellness Seife ist eine Wellness-Seifenpflege mit einer beruhigenden Komposition aus Lavendel\u00f6l und dem stimulierenden \u00d6l der Bergamottefrucht und verw\u00f6hnt Haut und Sinne. Das Produkt ist frei von synthetischen Duft-, Farb- und Konservierungsstoffen sowie von Rohstoffen auf Mineral\u00f6lbasis &#8211; wir f\u00fchren alle Produkte von Speick zu Sonderpreisen!<\/p>\n","protected":false},"featured_media":80089,"template":"","meta":{"_acf_changed":false},"product_brand":[],"product_cat":[791],"product_tag":[],"class_list":{"0":"post-80087","1":"product","2":"type-product","3":"status-publish","4":"has-post-thumbnail","6":"product_cat-s","7":"pa_packungsgroesse-200g","9":"first","10":"instock","11":"shipping-taxable","12":"purchasable","13":"product-type-simple"},"acf":[],"_links":{"self":[{"href":"https:\/\/www.ernstbrunn-apotheke.at\/katalog\/wp-json\/wp\/v2\/product\/80087","targetHints":{"allow":["GET"]}}],"collection":[{"href":"https:\/\/www.ernstbrunn-apotheke.at\/katalog\/wp-json\/wp\/v2\/product"}],"about":[{"href":"https:\/\/www.ernstbrunn-apotheke.at\/katalog\/wp-json\/wp\/v2\/types\/product"}],"wp:featuredmedia":[{"embeddable":true,"href":"https:\/\/www.ernstbrunn-apotheke.at\/katalog\/wp-json\/wp\/v2\/media\/80089"}],"wp:attachment":[{"href":"https:\/\/www.ernstbrunn-apotheke.at\/katalog\/wp-json\/wp\/v2\/media?parent=80087"}],"wp:term":[{"taxonomy":"product_brand","embeddable":true,"href":"https:\/\/www.ernstbrunn-apotheke.at\/katalog\/wp-json\/wp\/v2\/product_brand?post=80087"},{"taxonomy":"product_cat","embeddable":true,"href":"https:\/\/www.ernstbrunn-apotheke.at\/katalog\/wp-json\/wp\/v2\/product_cat?post=80087"},{"taxonomy":"product_tag","embeddable":true,"href":"https:\/\/www.ernstbrunn-apotheke.at\/katalog\/wp-json\/wp\/v2\/product_tag?post=80087"}],"curies":[{"name":"wp","href":"https:\/\/api.w.org\/{rel}","templated":true}]}}