{"id":80032,"date":"2025-11-11T22:45:23","date_gmt":"2025-11-11T21:45:23","guid":{"rendered":"https:\/\/www.ernstbrunn-apotheke.at\/katalog\/produkt\/trocomare-kraeutermeersalz-mit-gemuese-250-g-bio\/"},"modified":"2025-12-08T19:09:52","modified_gmt":"2025-12-08T18:09:52","slug":"trocomare-kraeutermeersalz-mit-gemuese-250-g-bio","status":"publish","type":"product","link":"https:\/\/www.ernstbrunn-apotheke.at\/katalog\/produkt\/trocomare-kraeutermeersalz-mit-gemuese-250-g-bio\/","title":{"rendered":"Trocomare Kr\u00e4utermeersalz mit Gem\u00fcse 250 g BIO"},"content":{"rendered":"<p>Trocomare Kr\u00e4utermeersalz mit Gem\u00fcse aus kontrolliert biologischem Anbau auch f\u00fcr die vegane K\u00fcche.<\/p>\n","protected":false},"excerpt":{"rendered":"<p>Trocomare Kr\u00e4utermeersalz mit Gem\u00fcse aus kontrolliert biologischem Anbau auch f\u00fcr die vegane K\u00fcche.<\/p>\n","protected":false},"featured_media":80034,"template":"","meta":{"_acf_changed":false},"product_brand":[],"product_cat":[798],"product_tag":[],"class_list":{"0":"post-80032","1":"product","2":"type-product","3":"status-publish","4":"has-post-thumbnail","6":"product_cat-t","7":"pa_packungsgroesse-250g","9":"first","10":"instock","11":"shipping-taxable","12":"purchasable","13":"product-type-simple"},"acf":[],"_links":{"self":[{"href":"https:\/\/www.ernstbrunn-apotheke.at\/katalog\/wp-json\/wp\/v2\/product\/80032","targetHints":{"allow":["GET"]}}],"collection":[{"href":"https:\/\/www.ernstbrunn-apotheke.at\/katalog\/wp-json\/wp\/v2\/product"}],"about":[{"href":"https:\/\/www.ernstbrunn-apotheke.at\/katalog\/wp-json\/wp\/v2\/types\/product"}],"wp:featuredmedia":[{"embeddable":true,"href":"https:\/\/www.ernstbrunn-apotheke.at\/katalog\/wp-json\/wp\/v2\/media\/80034"}],"wp:attachment":[{"href":"https:\/\/www.ernstbrunn-apotheke.at\/katalog\/wp-json\/wp\/v2\/media?parent=80032"}],"wp:term":[{"taxonomy":"product_brand","embeddable":true,"href":"https:\/\/www.ernstbrunn-apotheke.at\/katalog\/wp-json\/wp\/v2\/product_brand?post=80032"},{"taxonomy":"product_cat","embeddable":true,"href":"https:\/\/www.ernstbrunn-apotheke.at\/katalog\/wp-json\/wp\/v2\/product_cat?post=80032"},{"taxonomy":"product_tag","embeddable":true,"href":"https:\/\/www.ernstbrunn-apotheke.at\/katalog\/wp-json\/wp\/v2\/product_tag?post=80032"}],"curies":[{"name":"wp","href":"https:\/\/api.w.org\/{rel}","templated":true}]}}