{"id":79856,"date":"2025-11-11T22:42:46","date_gmt":"2025-11-11T21:42:46","guid":{"rendered":"https:\/\/www.ernstbrunn-apotheke.at\/katalog\/produkt\/salus-bio-kraeutertee-spezialitaeten-fuer-frauen-15-stk\/"},"modified":"2025-12-08T19:08:50","modified_gmt":"2025-12-08T18:08:50","slug":"salus-bio-kraeutertee-spezialitaeten-fuer-frauen-15-stk","status":"publish","type":"product","link":"https:\/\/www.ernstbrunn-apotheke.at\/katalog\/produkt\/salus-bio-kraeutertee-spezialitaeten-fuer-frauen-15-stk\/","title":{"rendered":"Salus Bio Kr\u00e4utertee-Spezialit\u00e4ten f\u00fcr Frauen 15 Stk."},"content":{"rendered":"<p>Salus Bio Kr\u00e4utertee-Spezialit\u00e4ten f\u00fcr Frauen ist ein harmonisierender Genuss f\u00fcr K\u00f6rper und Seele. \u00dcber den wohltuenden Einfluss einzelner Kr\u00e4uter auf den weiblichen Organismus wird schon in alten Schriften der Volksheilkunde berichtet. Auch wir lernen die nat\u00fcrliche Kraft wertvoller Pflanzen zu sch\u00e4tzen. Salus Frauentee ist erfrischend harmonisierend und abgestimmt auf die Funktionen des weiblichen Organismus.<\/p>\n","protected":false},"excerpt":{"rendered":"<p>Salus Bio Kr\u00e4utertee-Spezialit\u00e4ten f\u00fcr Frauen ist ein harmonisierender Genuss f\u00fcr K\u00f6rper und Seele. \u00dcber den wohltuenden Einfluss einzelner Kr\u00e4uter auf den weiblichen Organismus wird schon in alten Schriften der Volksheilkunde berichtet. Auch wir lernen die nat\u00fcrliche Kraft wertvoller Pflanzen zu sch\u00e4tzen. Salus Frauentee ist erfrischend harmonisierend und abgestimmt auf die Funktionen des weiblichen Organismus.<\/p>\n","protected":false},"featured_media":0,"template":"","meta":{"_acf_changed":false},"product_brand":[],"product_cat":[791],"product_tag":[],"class_list":{"0":"post-79856","1":"product","2":"type-product","3":"status-publish","5":"product_cat-s","6":"pa_packungsgroesse-15-beutel","8":"first","9":"instock","10":"shipping-taxable","11":"purchasable","12":"product-type-simple"},"acf":[],"_links":{"self":[{"href":"https:\/\/www.ernstbrunn-apotheke.at\/katalog\/wp-json\/wp\/v2\/product\/79856","targetHints":{"allow":["GET"]}}],"collection":[{"href":"https:\/\/www.ernstbrunn-apotheke.at\/katalog\/wp-json\/wp\/v2\/product"}],"about":[{"href":"https:\/\/www.ernstbrunn-apotheke.at\/katalog\/wp-json\/wp\/v2\/types\/product"}],"wp:attachment":[{"href":"https:\/\/www.ernstbrunn-apotheke.at\/katalog\/wp-json\/wp\/v2\/media?parent=79856"}],"wp:term":[{"taxonomy":"product_brand","embeddable":true,"href":"https:\/\/www.ernstbrunn-apotheke.at\/katalog\/wp-json\/wp\/v2\/product_brand?post=79856"},{"taxonomy":"product_cat","embeddable":true,"href":"https:\/\/www.ernstbrunn-apotheke.at\/katalog\/wp-json\/wp\/v2\/product_cat?post=79856"},{"taxonomy":"product_tag","embeddable":true,"href":"https:\/\/www.ernstbrunn-apotheke.at\/katalog\/wp-json\/wp\/v2\/product_tag?post=79856"}],"curies":[{"name":"wp","href":"https:\/\/api.w.org\/{rel}","templated":true}]}}