{"id":79847,"date":"2025-11-11T22:42:46","date_gmt":"2025-11-11T21:42:46","guid":{"rendered":"https:\/\/www.ernstbrunn-apotheke.at\/katalog\/produkt\/vasofix-venen-verweilkanuele-saf-g22-bla-50-stk\/"},"modified":"2025-12-08T19:08:44","modified_gmt":"2025-12-08T18:08:44","slug":"vasofix-venen-verweilkanuele-saf-g22-bla-50-stk","status":"publish","type":"product","link":"https:\/\/www.ernstbrunn-apotheke.at\/katalog\/produkt\/vasofix-venen-verweilkanuele-saf-g22-bla-50-stk\/","title":{"rendered":"Vasofix Venen-Verweilkan\u00fcle SAF G22 BLA 50 Stk."},"content":{"rendered":"<p>Vasofix Venen-Verweilkan\u00fcle SAF G22 BLA ist mit einem Zuspritzventil ausgestattet. So wird ein sanfter \u00dcbergang zwischen Katheterrohr und Kan\u00fcle gew\u00e4hrleistet. Einzeln verpackt.<\/p>\n","protected":false},"excerpt":{"rendered":"<p>Vasofix Venen-Verweilkan\u00fcle SAF G22 BLA ist mit einem Zuspritzventil ausgestattet. So wird ein sanfter \u00dcbergang zwischen Katheterrohr und Kan\u00fcle gew\u00e4hrleistet. Einzeln verpackt.<\/p>\n","protected":false},"featured_media":0,"template":"","meta":{"_acf_changed":false},"product_brand":[],"product_cat":[799],"product_tag":[],"class_list":{"0":"post-79847","1":"product","2":"type-product","3":"status-publish","5":"product_cat-v","6":"pa_packungsgroesse-50-stueck","8":"first","9":"instock","10":"shipping-taxable","11":"purchasable","12":"product-type-simple"},"acf":[],"_links":{"self":[{"href":"https:\/\/www.ernstbrunn-apotheke.at\/katalog\/wp-json\/wp\/v2\/product\/79847","targetHints":{"allow":["GET"]}}],"collection":[{"href":"https:\/\/www.ernstbrunn-apotheke.at\/katalog\/wp-json\/wp\/v2\/product"}],"about":[{"href":"https:\/\/www.ernstbrunn-apotheke.at\/katalog\/wp-json\/wp\/v2\/types\/product"}],"wp:attachment":[{"href":"https:\/\/www.ernstbrunn-apotheke.at\/katalog\/wp-json\/wp\/v2\/media?parent=79847"}],"wp:term":[{"taxonomy":"product_brand","embeddable":true,"href":"https:\/\/www.ernstbrunn-apotheke.at\/katalog\/wp-json\/wp\/v2\/product_brand?post=79847"},{"taxonomy":"product_cat","embeddable":true,"href":"https:\/\/www.ernstbrunn-apotheke.at\/katalog\/wp-json\/wp\/v2\/product_cat?post=79847"},{"taxonomy":"product_tag","embeddable":true,"href":"https:\/\/www.ernstbrunn-apotheke.at\/katalog\/wp-json\/wp\/v2\/product_tag?post=79847"}],"curies":[{"name":"wp","href":"https:\/\/api.w.org\/{rel}","templated":true}]}}