{"id":79812,"date":"2025-11-11T22:42:01","date_gmt":"2025-11-11T21:42:01","guid":{"rendered":"https:\/\/www.ernstbrunn-apotheke.at\/katalog\/produkt\/multinova-coprinus-kapseln-140-stk-bio\/"},"modified":"2025-12-08T19:08:33","modified_gmt":"2025-12-08T18:08:33","slug":"multinova-coprinus-kapseln-140-stk-bio","status":"publish","type":"product","link":"https:\/\/www.ernstbrunn-apotheke.at\/katalog\/produkt\/multinova-coprinus-kapseln-140-stk-bio\/","title":{"rendered":"Multinova Coprinus Kapseln 140 Stk. BIO"},"content":{"rendered":"<p>Multinova Coprinus Kapseln enthalten eine gro\u00dfe Menge an Kalium, Kalzium, Eisen, Mangan, Kupfer und Zink. Sie f\u00f6rdern die k\u00f6rpereigene Insulinbildung, womit somit eine blutzuckersenkende Wirkung erreicht werden kann. Das Produkt enth\u00e4lt teilweise biologische Inhaltsstoffe.<\/p>\n","protected":false},"excerpt":{"rendered":"<p>Multinova Coprinus Kapseln enthalten eine gro\u00dfe Menge an Kalium, Kalzium, Eisen, Mangan, Kupfer und Zink. Sie f\u00f6rdern die k\u00f6rpereigene Insulinbildung, womit somit eine blutzuckersenkende Wirkung erreicht werden kann. Das Produkt enth\u00e4lt teilweise biologische Inhaltsstoffe.<\/p>\n","protected":false},"featured_media":79814,"template":"","meta":{"_acf_changed":false},"product_brand":[],"product_cat":[800],"product_tag":[],"class_list":{"0":"post-79812","1":"product","2":"type-product","3":"status-publish","4":"has-post-thumbnail","6":"product_cat-m","7":"pa_packungsgroesse-140-stueck","9":"first","10":"instock","11":"shipping-taxable","12":"purchasable","13":"product-type-simple"},"acf":[],"_links":{"self":[{"href":"https:\/\/www.ernstbrunn-apotheke.at\/katalog\/wp-json\/wp\/v2\/product\/79812","targetHints":{"allow":["GET"]}}],"collection":[{"href":"https:\/\/www.ernstbrunn-apotheke.at\/katalog\/wp-json\/wp\/v2\/product"}],"about":[{"href":"https:\/\/www.ernstbrunn-apotheke.at\/katalog\/wp-json\/wp\/v2\/types\/product"}],"wp:featuredmedia":[{"embeddable":true,"href":"https:\/\/www.ernstbrunn-apotheke.at\/katalog\/wp-json\/wp\/v2\/media\/79814"}],"wp:attachment":[{"href":"https:\/\/www.ernstbrunn-apotheke.at\/katalog\/wp-json\/wp\/v2\/media?parent=79812"}],"wp:term":[{"taxonomy":"product_brand","embeddable":true,"href":"https:\/\/www.ernstbrunn-apotheke.at\/katalog\/wp-json\/wp\/v2\/product_brand?post=79812"},{"taxonomy":"product_cat","embeddable":true,"href":"https:\/\/www.ernstbrunn-apotheke.at\/katalog\/wp-json\/wp\/v2\/product_cat?post=79812"},{"taxonomy":"product_tag","embeddable":true,"href":"https:\/\/www.ernstbrunn-apotheke.at\/katalog\/wp-json\/wp\/v2\/product_tag?post=79812"}],"curies":[{"name":"wp","href":"https:\/\/api.w.org\/{rel}","templated":true}]}}