{"id":79809,"date":"2025-11-11T22:42:01","date_gmt":"2025-11-11T21:42:01","guid":{"rendered":"https:\/\/www.ernstbrunn-apotheke.at\/katalog\/produkt\/mangostan-kapseln\/"},"modified":"2025-12-08T19:08:32","modified_gmt":"2025-12-08T18:08:32","slug":"mangostan-kapseln","status":"publish","type":"product","link":"https:\/\/www.ernstbrunn-apotheke.at\/katalog\/produkt\/mangostan-kapseln\/","title":{"rendered":"Mangostan Kapseln"},"content":{"rendered":"<p>Mangostan Kapseln GPH enthalten 400 mg Mangostan Fruchtrindenextrakt. Die Mangostanfrucht enth\u00e4lt \u00fcber 40 Xanthone und z\u00e4hlt zu den reichhaltigsten Quellen nat\u00fcrlicher Xanthone. Weitere Bestandteile sind nat\u00fcrlich vorkommende Mineralien und Spurenelemente, Polyphenole, Catechine, Polysaccharide, Enzyme, Vitamine, und Bioflavonoide. erhalten Sie dieses Produkt in Packungen zu 60 und 120 St\u00fcck.<\/p>\n","protected":false},"excerpt":{"rendered":"<p>Mangostan Kapseln GPH enthalten 400 mg Mangostan Fruchtrindenextrakt. Die Mangostanfrucht enth\u00e4lt \u00fcber 40 Xanthone und z\u00e4hlt zu den reichhaltigsten Quellen nat\u00fcrlicher Xanthone. Weitere Bestandteile sind nat\u00fcrlich vorkommende Mineralien und Spurenelemente, Polyphenole, Catechine, Polysaccharide, Enzyme, Vitamine, und Bioflavonoide. erhalten Sie dieses Produkt in Packungen zu 60 und 120 St\u00fcck.<\/p>\n","protected":false},"featured_media":79811,"template":"","meta":{"_acf_changed":false},"product_brand":[371],"product_cat":[800],"product_tag":[],"class_list":{"0":"post-79809","1":"product","2":"type-product","3":"status-publish","4":"has-post-thumbnail","6":"product_brand-gall-pharma","7":"product_cat-m","8":"pa_packungsgroesse-120-stueck","10":"first","11":"instock","12":"shipping-taxable","13":"purchasable","14":"product-type-simple"},"acf":[],"_links":{"self":[{"href":"https:\/\/www.ernstbrunn-apotheke.at\/katalog\/wp-json\/wp\/v2\/product\/79809","targetHints":{"allow":["GET"]}}],"collection":[{"href":"https:\/\/www.ernstbrunn-apotheke.at\/katalog\/wp-json\/wp\/v2\/product"}],"about":[{"href":"https:\/\/www.ernstbrunn-apotheke.at\/katalog\/wp-json\/wp\/v2\/types\/product"}],"wp:featuredmedia":[{"embeddable":true,"href":"https:\/\/www.ernstbrunn-apotheke.at\/katalog\/wp-json\/wp\/v2\/media\/79811"}],"wp:attachment":[{"href":"https:\/\/www.ernstbrunn-apotheke.at\/katalog\/wp-json\/wp\/v2\/media?parent=79809"}],"wp:term":[{"taxonomy":"product_brand","embeddable":true,"href":"https:\/\/www.ernstbrunn-apotheke.at\/katalog\/wp-json\/wp\/v2\/product_brand?post=79809"},{"taxonomy":"product_cat","embeddable":true,"href":"https:\/\/www.ernstbrunn-apotheke.at\/katalog\/wp-json\/wp\/v2\/product_cat?post=79809"},{"taxonomy":"product_tag","embeddable":true,"href":"https:\/\/www.ernstbrunn-apotheke.at\/katalog\/wp-json\/wp\/v2\/product_tag?post=79809"}],"curies":[{"name":"wp","href":"https:\/\/api.w.org\/{rel}","templated":true}]}}