{"id":79716,"date":"2025-11-11T22:40:32","date_gmt":"2025-11-11T21:40:32","guid":{"rendered":"https:\/\/www.ernstbrunn-apotheke.at\/katalog\/produkt\/alva-teebaum-oel-100-ml\/"},"modified":"2025-12-08T19:07:58","modified_gmt":"2025-12-08T18:07:58","slug":"alva-teebaum-oel-100-ml","status":"publish","type":"product","link":"https:\/\/www.ernstbrunn-apotheke.at\/katalog\/produkt\/alva-teebaum-oel-100-ml\/","title":{"rendered":"Alva Teebaum \u00d6l 100 ml"},"content":{"rendered":"<p>Alva Teebaum \u00d6l ist ein Produkt h\u00f6chster Qualit\u00e4t. Es stammt aus kontrolliert biologischem Anbau sowie Wildwuchs und darf als Allrounder in keinen Haushalt fehlen. Das \u00d6l ist hochenergetisch und beinhaltet jahrtausendealte Kr\u00e4fte. Es kann als etwa auch als Raumduft eingesetzt werden. Dieses Produkt erhalten Sie in den Packungsgr\u00f6\u00dfen 10 ml, 20 ml, 50 ml und 100 ml.<\/p>\n","protected":false},"excerpt":{"rendered":"<p>Alva Teebaum \u00d6l ist ein Produkt h\u00f6chster Qualit\u00e4t. Es stammt aus kontrolliert biologischem Anbau sowie Wildwuchs und darf als Allrounder in keinen Haushalt fehlen. Das \u00d6l ist hochenergetisch und beinhaltet jahrtausendealte Kr\u00e4fte. Es kann als etwa auch als Raumduft eingesetzt werden. Dieses Produkt erhalten Sie in den Packungsgr\u00f6\u00dfen 10 ml, 20 ml, 50 ml und [&hellip;]<\/p>\n","protected":false},"featured_media":79718,"template":"","meta":{"_acf_changed":false},"product_brand":[],"product_cat":[801],"product_tag":[],"class_list":{"0":"post-79716","1":"product","2":"type-product","3":"status-publish","4":"has-post-thumbnail","6":"product_cat-a","7":"pa_packungsgroesse-100ml","9":"first","10":"instock","11":"shipping-taxable","12":"purchasable","13":"product-type-simple"},"acf":[],"_links":{"self":[{"href":"https:\/\/www.ernstbrunn-apotheke.at\/katalog\/wp-json\/wp\/v2\/product\/79716","targetHints":{"allow":["GET"]}}],"collection":[{"href":"https:\/\/www.ernstbrunn-apotheke.at\/katalog\/wp-json\/wp\/v2\/product"}],"about":[{"href":"https:\/\/www.ernstbrunn-apotheke.at\/katalog\/wp-json\/wp\/v2\/types\/product"}],"wp:featuredmedia":[{"embeddable":true,"href":"https:\/\/www.ernstbrunn-apotheke.at\/katalog\/wp-json\/wp\/v2\/media\/79718"}],"wp:attachment":[{"href":"https:\/\/www.ernstbrunn-apotheke.at\/katalog\/wp-json\/wp\/v2\/media?parent=79716"}],"wp:term":[{"taxonomy":"product_brand","embeddable":true,"href":"https:\/\/www.ernstbrunn-apotheke.at\/katalog\/wp-json\/wp\/v2\/product_brand?post=79716"},{"taxonomy":"product_cat","embeddable":true,"href":"https:\/\/www.ernstbrunn-apotheke.at\/katalog\/wp-json\/wp\/v2\/product_cat?post=79716"},{"taxonomy":"product_tag","embeddable":true,"href":"https:\/\/www.ernstbrunn-apotheke.at\/katalog\/wp-json\/wp\/v2\/product_tag?post=79716"}],"curies":[{"name":"wp","href":"https:\/\/api.w.org\/{rel}","templated":true}]}}