{"id":79647,"date":"2025-11-11T22:39:19","date_gmt":"2025-11-11T21:39:19","guid":{"rendered":"https:\/\/www.ernstbrunn-apotheke.at\/katalog\/produkt\/nuxe-prodigieux-bronze-kompaktpuder-25-g\/"},"modified":"2025-12-08T19:07:30","modified_gmt":"2025-12-08T18:07:30","slug":"nuxe-prodigieux-bronze-kompaktpuder-25-g","status":"publish","type":"product","link":"https:\/\/www.ernstbrunn-apotheke.at\/katalog\/produkt\/nuxe-prodigieux-bronze-kompaktpuder-25-g\/","title":{"rendered":"Nuxe Prodigieux Bronze-Kompaktpuder 25 g"},"content":{"rendered":"<p>Nuxe Prodigieux Bronze-Kompaktpuder verleiht Ihrem Teint und Ihrem K\u00f6rper ein frisches Aussehen. Er intensiviert und versch\u00f6nert Ihre Sommerbr\u00e4une und bringt Ihren Teint zum Leuchten. Seine feine, leichte Textur legt sich sanft wie ein Schleier auf Ihre Haut und bringt sie zum Strahlen.<\/p>\n","protected":false},"excerpt":{"rendered":"<p>Nuxe Prodigieux Bronze-Kompaktpuder verleiht Ihrem Teint und Ihrem K\u00f6rper ein frisches Aussehen. Er intensiviert und versch\u00f6nert Ihre Sommerbr\u00e4une und bringt Ihren Teint zum Leuchten. Seine feine, leichte Textur legt sich sanft wie ein Schleier auf Ihre Haut und bringt sie zum Strahlen.<\/p>\n","protected":false},"featured_media":79649,"template":"","meta":{"_acf_changed":false},"product_brand":[705],"product_cat":[797],"product_tag":[],"class_list":{"0":"post-79647","1":"product","2":"type-product","3":"status-publish","4":"has-post-thumbnail","6":"product_brand-nuxe","7":"product_cat-n","8":"pa_packungsgroesse-25g","10":"first","11":"instock","12":"shipping-taxable","13":"purchasable","14":"product-type-simple"},"acf":[],"_links":{"self":[{"href":"https:\/\/www.ernstbrunn-apotheke.at\/katalog\/wp-json\/wp\/v2\/product\/79647","targetHints":{"allow":["GET"]}}],"collection":[{"href":"https:\/\/www.ernstbrunn-apotheke.at\/katalog\/wp-json\/wp\/v2\/product"}],"about":[{"href":"https:\/\/www.ernstbrunn-apotheke.at\/katalog\/wp-json\/wp\/v2\/types\/product"}],"wp:featuredmedia":[{"embeddable":true,"href":"https:\/\/www.ernstbrunn-apotheke.at\/katalog\/wp-json\/wp\/v2\/media\/79649"}],"wp:attachment":[{"href":"https:\/\/www.ernstbrunn-apotheke.at\/katalog\/wp-json\/wp\/v2\/media?parent=79647"}],"wp:term":[{"taxonomy":"product_brand","embeddable":true,"href":"https:\/\/www.ernstbrunn-apotheke.at\/katalog\/wp-json\/wp\/v2\/product_brand?post=79647"},{"taxonomy":"product_cat","embeddable":true,"href":"https:\/\/www.ernstbrunn-apotheke.at\/katalog\/wp-json\/wp\/v2\/product_cat?post=79647"},{"taxonomy":"product_tag","embeddable":true,"href":"https:\/\/www.ernstbrunn-apotheke.at\/katalog\/wp-json\/wp\/v2\/product_tag?post=79647"}],"curies":[{"name":"wp","href":"https:\/\/api.w.org\/{rel}","templated":true}]}}