{"id":79644,"date":"2025-11-11T22:39:19","date_gmt":"2025-11-11T21:39:19","guid":{"rendered":"https:\/\/www.ernstbrunn-apotheke.at\/katalog\/produkt\/adler-bachblueten-clematis-tropfen-10-ml\/"},"modified":"2025-12-08T19:07:29","modified_gmt":"2025-12-08T18:07:29","slug":"adler-bachblueten-clematis-tropfen-10-ml","status":"publish","type":"product","link":"https:\/\/www.ernstbrunn-apotheke.at\/katalog\/produkt\/adler-bachblueten-clematis-tropfen-10-ml\/","title":{"rendered":"Adler Bachbl\u00fcten Clematis Tropfen 10 ml"},"content":{"rendered":"<p>Adler Bachbl\u00fcten Clematis Tropfen 10 ml sind Teil der &#8222;Ersten Zw\u00f6lf&#8220; Bachbl\u00fcten und beschreiben, was f\u00fcr ein Typ Mensch Sie sind. Clematis Tropfen eignen sich f\u00fcr Menschen, die sich Phantasien und Zukunftstr\u00e4umen hingeben und dabei oft den Bezug zur Realit\u00e4t verlieren<\/p>\n","protected":false},"excerpt":{"rendered":"<p>Adler Bachbl\u00fcten Clematis Tropfen 10 ml sind Teil der &#8222;Ersten Zw\u00f6lf&#8220; Bachbl\u00fcten und beschreiben, was f\u00fcr ein Typ Mensch Sie sind. Clematis Tropfen eignen sich f\u00fcr Menschen, die sich Phantasien und Zukunftstr\u00e4umen hingeben und dabei oft den Bezug zur Realit\u00e4t verlieren<\/p>\n","protected":false},"featured_media":79646,"template":"","meta":{"_acf_changed":false},"product_brand":[928],"product_cat":[801],"product_tag":[],"class_list":{"0":"post-79644","1":"product","2":"type-product","3":"status-publish","4":"has-post-thumbnail","6":"product_brand-adler-pharma","7":"product_cat-a","8":"pa_packungsgroesse-10ml","10":"first","11":"instock","12":"shipping-taxable","13":"purchasable","14":"product-type-simple"},"acf":[],"_links":{"self":[{"href":"https:\/\/www.ernstbrunn-apotheke.at\/katalog\/wp-json\/wp\/v2\/product\/79644","targetHints":{"allow":["GET"]}}],"collection":[{"href":"https:\/\/www.ernstbrunn-apotheke.at\/katalog\/wp-json\/wp\/v2\/product"}],"about":[{"href":"https:\/\/www.ernstbrunn-apotheke.at\/katalog\/wp-json\/wp\/v2\/types\/product"}],"wp:featuredmedia":[{"embeddable":true,"href":"https:\/\/www.ernstbrunn-apotheke.at\/katalog\/wp-json\/wp\/v2\/media\/79646"}],"wp:attachment":[{"href":"https:\/\/www.ernstbrunn-apotheke.at\/katalog\/wp-json\/wp\/v2\/media?parent=79644"}],"wp:term":[{"taxonomy":"product_brand","embeddable":true,"href":"https:\/\/www.ernstbrunn-apotheke.at\/katalog\/wp-json\/wp\/v2\/product_brand?post=79644"},{"taxonomy":"product_cat","embeddable":true,"href":"https:\/\/www.ernstbrunn-apotheke.at\/katalog\/wp-json\/wp\/v2\/product_cat?post=79644"},{"taxonomy":"product_tag","embeddable":true,"href":"https:\/\/www.ernstbrunn-apotheke.at\/katalog\/wp-json\/wp\/v2\/product_tag?post=79644"}],"curies":[{"name":"wp","href":"https:\/\/api.w.org\/{rel}","templated":true}]}}