{"id":79642,"date":"2025-11-11T22:38:51","date_gmt":"2025-11-11T21:38:51","guid":{"rendered":"https:\/\/www.ernstbrunn-apotheke.at\/katalog\/produkt\/kozbach-yes-fusspflegeset-3tlg-1-pkg\/"},"modified":"2025-12-08T19:07:26","modified_gmt":"2025-12-08T18:07:26","slug":"kozbach-yes-fusspflegeset-3tlg-1-pkg","status":"publish","type":"product","link":"https:\/\/www.ernstbrunn-apotheke.at\/katalog\/produkt\/kozbach-yes-fusspflegeset-3tlg-1-pkg\/","title":{"rendered":"Kozbach Yes Fu\u00dfpflegeset 3TLG 1 Pkg."},"content":{"rendered":"<p>Yes Fu\u00dfpflegeset 3-teilig beinhaltet eine Keramik Fu\u00dffeile, eine Fu\u00df-Nagelfeile sowie ein Zehenspreizer. Die ideale Kombination f\u00fcr die regelm\u00e4\u00dfige Fu\u00dfpflege &#8211; online bestellen und versandkostenfreie* Lieferung nutzen!<\/p>\n","protected":false},"excerpt":{"rendered":"<p>Yes Fu\u00dfpflegeset 3-teilig beinhaltet eine Keramik Fu\u00dffeile, eine Fu\u00df-Nagelfeile sowie ein Zehenspreizer. Die ideale Kombination f\u00fcr die regelm\u00e4\u00dfige Fu\u00dfpflege &#8211; online bestellen und versandkostenfreie* Lieferung nutzen!<\/p>\n","protected":false},"featured_media":0,"template":"","meta":{"_acf_changed":false},"product_brand":[770],"product_cat":[807],"product_tag":[],"class_list":{"0":"post-79642","1":"product","2":"type-product","3":"status-publish","5":"product_brand-kozbach","6":"product_cat-k","7":"pa_packungsgroesse-500","9":"first","10":"instock","11":"shipping-taxable","12":"purchasable","13":"product-type-simple"},"acf":[],"_links":{"self":[{"href":"https:\/\/www.ernstbrunn-apotheke.at\/katalog\/wp-json\/wp\/v2\/product\/79642","targetHints":{"allow":["GET"]}}],"collection":[{"href":"https:\/\/www.ernstbrunn-apotheke.at\/katalog\/wp-json\/wp\/v2\/product"}],"about":[{"href":"https:\/\/www.ernstbrunn-apotheke.at\/katalog\/wp-json\/wp\/v2\/types\/product"}],"wp:attachment":[{"href":"https:\/\/www.ernstbrunn-apotheke.at\/katalog\/wp-json\/wp\/v2\/media?parent=79642"}],"wp:term":[{"taxonomy":"product_brand","embeddable":true,"href":"https:\/\/www.ernstbrunn-apotheke.at\/katalog\/wp-json\/wp\/v2\/product_brand?post=79642"},{"taxonomy":"product_cat","embeddable":true,"href":"https:\/\/www.ernstbrunn-apotheke.at\/katalog\/wp-json\/wp\/v2\/product_cat?post=79642"},{"taxonomy":"product_tag","embeddable":true,"href":"https:\/\/www.ernstbrunn-apotheke.at\/katalog\/wp-json\/wp\/v2\/product_tag?post=79642"}],"curies":[{"name":"wp","href":"https:\/\/api.w.org\/{rel}","templated":true}]}}