{"id":79591,"date":"2025-11-11T22:38:21","date_gmt":"2025-11-11T21:38:21","guid":{"rendered":"https:\/\/www.ernstbrunn-apotheke.at\/katalog\/produkt\/tetesept-meersalz-erkaeltung-kinder-750-g\/"},"modified":"2025-12-08T19:07:02","modified_gmt":"2025-12-08T18:07:02","slug":"tetesept-meersalz-erkaeltung-kinder-750-g","status":"publish","type":"product","link":"https:\/\/www.ernstbrunn-apotheke.at\/katalog\/produkt\/tetesept-meersalz-erkaeltung-kinder-750-g\/","title":{"rendered":"Tetesept Meersalz Erk\u00e4ltung Kinder 750 g"},"content":{"rendered":"<p>Tetesept Meersalz &#8211; Um die wohltuende Wirkung des Meereswassers f\u00fcr ein angenehmes Wannenbad zu nutzen, hat tetesept naturreines Meeressalz mit bew\u00e4hrten Wirkstoffen der Badetherapie kombiniert. Die hautgesunden tetesept Meeressalze enthalten 100 Prozent naturreines Meeressalz und sind frei von Konservierungsstoffen. Das Salz ist nat\u00fcrlich-grobk\u00f6rnig, l\u00f6st sich im Wasser jedoch sehr schnell auf.<\/p>\n","protected":false},"excerpt":{"rendered":"<p>Tetesept Meersalz &#8211; Um die wohltuende Wirkung des Meereswassers f\u00fcr ein angenehmes Wannenbad zu nutzen, hat tetesept naturreines Meeressalz mit bew\u00e4hrten Wirkstoffen der Badetherapie kombiniert. Die hautgesunden tetesept Meeressalze enthalten 100 Prozent naturreines Meeressalz und sind frei von Konservierungsstoffen. Das Salz ist nat\u00fcrlich-grobk\u00f6rnig, l\u00f6st sich im Wasser jedoch sehr schnell auf.<\/p>\n","protected":false},"featured_media":79593,"template":"","meta":{"_acf_changed":false},"product_brand":[487],"product_cat":[798],"product_tag":[],"class_list":{"0":"post-79591","1":"product","2":"type-product","3":"status-publish","4":"has-post-thumbnail","6":"product_brand-tetesept","7":"product_cat-t","8":"pa_packungsgroesse-750g","10":"first","11":"instock","12":"shipping-taxable","13":"purchasable","14":"product-type-simple"},"acf":[],"_links":{"self":[{"href":"https:\/\/www.ernstbrunn-apotheke.at\/katalog\/wp-json\/wp\/v2\/product\/79591","targetHints":{"allow":["GET"]}}],"collection":[{"href":"https:\/\/www.ernstbrunn-apotheke.at\/katalog\/wp-json\/wp\/v2\/product"}],"about":[{"href":"https:\/\/www.ernstbrunn-apotheke.at\/katalog\/wp-json\/wp\/v2\/types\/product"}],"wp:featuredmedia":[{"embeddable":true,"href":"https:\/\/www.ernstbrunn-apotheke.at\/katalog\/wp-json\/wp\/v2\/media\/79593"}],"wp:attachment":[{"href":"https:\/\/www.ernstbrunn-apotheke.at\/katalog\/wp-json\/wp\/v2\/media?parent=79591"}],"wp:term":[{"taxonomy":"product_brand","embeddable":true,"href":"https:\/\/www.ernstbrunn-apotheke.at\/katalog\/wp-json\/wp\/v2\/product_brand?post=79591"},{"taxonomy":"product_cat","embeddable":true,"href":"https:\/\/www.ernstbrunn-apotheke.at\/katalog\/wp-json\/wp\/v2\/product_cat?post=79591"},{"taxonomy":"product_tag","embeddable":true,"href":"https:\/\/www.ernstbrunn-apotheke.at\/katalog\/wp-json\/wp\/v2\/product_tag?post=79591"}],"curies":[{"name":"wp","href":"https:\/\/api.w.org\/{rel}","templated":true}]}}