{"id":79575,"date":"2025-11-11T22:37:41","date_gmt":"2025-11-11T21:37:41","guid":{"rendered":"https:\/\/www.ernstbrunn-apotheke.at\/katalog\/produkt\/arthrodisc-gelenk-und-rheumaoel-250-ml\/"},"modified":"2025-12-08T19:06:54","modified_gmt":"2025-12-08T18:06:54","slug":"arthrodisc-gelenk-und-rheumaoel-250-ml","status":"publish","type":"product","link":"https:\/\/www.ernstbrunn-apotheke.at\/katalog\/produkt\/arthrodisc-gelenk-und-rheumaoel-250-ml\/","title":{"rendered":"Arthrodisc Gelenk- und Rheuma\u00f6l 250 ml"},"content":{"rendered":"<p>Arthrodisc Gelenk- und Rheuma\u00f6l ist f\u00fcr alle empfehlenswert, die an rheumatischen Beschwerden oder an Problemen der Gelenke, Bandscheiben und Muskeln leiden. Sowohl bei Beschwerden aufgrund von Abnutzungen als auch bei entz\u00fcndlichen Prozessen und bei Verspannungen der Muskulatur ist das \u00d6l ein wirksames Mittel<\/p>\n","protected":false},"excerpt":{"rendered":"<p>Arthrodisc Gelenk- und Rheuma\u00f6l ist f\u00fcr alle empfehlenswert, die an rheumatischen Beschwerden oder an Problemen der Gelenke, Bandscheiben und Muskeln leiden. Sowohl bei Beschwerden aufgrund von Abnutzungen als auch bei entz\u00fcndlichen Prozessen und bei Verspannungen der Muskulatur ist das \u00d6l ein wirksames Mittel<\/p>\n","protected":false},"featured_media":79577,"template":"","meta":{"_acf_changed":false},"product_brand":[],"product_cat":[801],"product_tag":[],"class_list":{"0":"post-79575","1":"product","2":"type-product","3":"status-publish","4":"has-post-thumbnail","6":"product_cat-a","7":"pa_packungsgroesse-250ml","9":"first","10":"instock","11":"shipping-taxable","12":"purchasable","13":"product-type-simple"},"acf":[],"_links":{"self":[{"href":"https:\/\/www.ernstbrunn-apotheke.at\/katalog\/wp-json\/wp\/v2\/product\/79575","targetHints":{"allow":["GET"]}}],"collection":[{"href":"https:\/\/www.ernstbrunn-apotheke.at\/katalog\/wp-json\/wp\/v2\/product"}],"about":[{"href":"https:\/\/www.ernstbrunn-apotheke.at\/katalog\/wp-json\/wp\/v2\/types\/product"}],"wp:featuredmedia":[{"embeddable":true,"href":"https:\/\/www.ernstbrunn-apotheke.at\/katalog\/wp-json\/wp\/v2\/media\/79577"}],"wp:attachment":[{"href":"https:\/\/www.ernstbrunn-apotheke.at\/katalog\/wp-json\/wp\/v2\/media?parent=79575"}],"wp:term":[{"taxonomy":"product_brand","embeddable":true,"href":"https:\/\/www.ernstbrunn-apotheke.at\/katalog\/wp-json\/wp\/v2\/product_brand?post=79575"},{"taxonomy":"product_cat","embeddable":true,"href":"https:\/\/www.ernstbrunn-apotheke.at\/katalog\/wp-json\/wp\/v2\/product_cat?post=79575"},{"taxonomy":"product_tag","embeddable":true,"href":"https:\/\/www.ernstbrunn-apotheke.at\/katalog\/wp-json\/wp\/v2\/product_tag?post=79575"}],"curies":[{"name":"wp","href":"https:\/\/api.w.org\/{rel}","templated":true}]}}