{"id":79548,"date":"2025-11-11T22:37:41","date_gmt":"2025-11-11T21:37:41","guid":{"rendered":"https:\/\/www.ernstbrunn-apotheke.at\/katalog\/produkt\/sebamed-spezial-nachtcreme-mit-q10-75-ml\/"},"modified":"2025-12-08T19:06:47","modified_gmt":"2025-12-08T18:06:47","slug":"sebamed-spezial-nachtcreme-mit-q10-75-ml","status":"publish","type":"product","link":"https:\/\/www.ernstbrunn-apotheke.at\/katalog\/produkt\/sebamed-spezial-nachtcreme-mit-q10-75-ml\/","title":{"rendered":"Sebamed Spezial Nachtcreme mit Q10 75 ml"},"content":{"rendered":"<p>sebamed Spezial Nachtcreme mit Q10 ist optimal auf den Bedarf der anspruchsvollen Haut abgestimmt. Die Pflegeformel mit Q10 wirkt gl\u00e4ttend und tr\u00e4gt zum Schutz vor vorzeitiger Hautalterung bei. Panthenol unterst\u00fctzt die Regenerationsprozesse der Hautzellen. Vitamin E neutralisiert freie Radikale, die durch Umweltschadstoffe und UV-Strahlung entstehen und tr\u00e4gt so zum Schutz vor vorzeitiger Hautalterung bei. Der pH-Wert 5,5 st\u00e4rkt den Hautschutzmantel und f\u00f6rdert so die nat\u00fcrliche Widerstandskraft gegen sch\u00e4dliche Umwelteinfl\u00fcsse.<\/p>\n","protected":false},"excerpt":{"rendered":"<p>sebamed Spezial Nachtcreme mit Q10 ist optimal auf den Bedarf der anspruchsvollen Haut abgestimmt. Die Pflegeformel mit Q10 wirkt gl\u00e4ttend und tr\u00e4gt zum Schutz vor vorzeitiger Hautalterung bei. Panthenol unterst\u00fctzt die Regenerationsprozesse der Hautzellen. Vitamin E neutralisiert freie Radikale, die durch Umweltschadstoffe und UV-Strahlung entstehen und tr\u00e4gt so zum Schutz vor vorzeitiger Hautalterung bei. Der [&hellip;]<\/p>\n","protected":false},"featured_media":79550,"template":"","meta":{"_acf_changed":false},"product_brand":[737],"product_cat":[791],"product_tag":[],"class_list":{"0":"post-79548","1":"product","2":"type-product","3":"status-publish","4":"has-post-thumbnail","6":"product_brand-sebamed","7":"product_cat-s","8":"pa_packungsgroesse-75ml","10":"first","11":"instock","12":"shipping-taxable","13":"purchasable","14":"product-type-simple"},"acf":[],"_links":{"self":[{"href":"https:\/\/www.ernstbrunn-apotheke.at\/katalog\/wp-json\/wp\/v2\/product\/79548","targetHints":{"allow":["GET"]}}],"collection":[{"href":"https:\/\/www.ernstbrunn-apotheke.at\/katalog\/wp-json\/wp\/v2\/product"}],"about":[{"href":"https:\/\/www.ernstbrunn-apotheke.at\/katalog\/wp-json\/wp\/v2\/types\/product"}],"wp:featuredmedia":[{"embeddable":true,"href":"https:\/\/www.ernstbrunn-apotheke.at\/katalog\/wp-json\/wp\/v2\/media\/79550"}],"wp:attachment":[{"href":"https:\/\/www.ernstbrunn-apotheke.at\/katalog\/wp-json\/wp\/v2\/media?parent=79548"}],"wp:term":[{"taxonomy":"product_brand","embeddable":true,"href":"https:\/\/www.ernstbrunn-apotheke.at\/katalog\/wp-json\/wp\/v2\/product_brand?post=79548"},{"taxonomy":"product_cat","embeddable":true,"href":"https:\/\/www.ernstbrunn-apotheke.at\/katalog\/wp-json\/wp\/v2\/product_cat?post=79548"},{"taxonomy":"product_tag","embeddable":true,"href":"https:\/\/www.ernstbrunn-apotheke.at\/katalog\/wp-json\/wp\/v2\/product_tag?post=79548"}],"curies":[{"name":"wp","href":"https:\/\/api.w.org\/{rel}","templated":true}]}}