{"id":79539,"date":"2025-11-11T22:37:06","date_gmt":"2025-11-11T21:37:06","guid":{"rendered":"https:\/\/www.ernstbrunn-apotheke.at\/katalog\/produkt\/allgaeuer-latschenkiefer-massagefluid-500-ml\/"},"modified":"2025-12-08T19:06:42","modified_gmt":"2025-12-08T18:06:42","slug":"allgaeuer-latschenkiefer-massagefluid-500-ml","status":"publish","type":"product","link":"https:\/\/www.ernstbrunn-apotheke.at\/katalog\/produkt\/allgaeuer-latschenkiefer-massagefluid-500-ml\/","title":{"rendered":"Allg\u00e4uer Latschenkiefer Massagefluid 500 ml"},"content":{"rendered":"<p>Allg\u00e4uer Latschenkiefer Massagefluid entspannt und pflegt die Haut. Das im Massage Fluid enthaltende Original Allg\u00e4uer Latschenkiefern\u00f6l unterst\u00fctzt die durchblutungsf\u00f6rdernde Wirkung der Massage der Haut und Muskulatur. Entspannt, belebt und steigert das k\u00f6rperliche Wohlbefinden. Beugt Erm\u00fcdung vor.<\/p>\n","protected":false},"excerpt":{"rendered":"<p>Allg\u00e4uer Latschenkiefer Massagefluid entspannt und pflegt die Haut. Das im Massage Fluid enthaltende Original Allg\u00e4uer Latschenkiefern\u00f6l unterst\u00fctzt die durchblutungsf\u00f6rdernde Wirkung der Massage der Haut und Muskulatur. Entspannt, belebt und steigert das k\u00f6rperliche Wohlbefinden. Beugt Erm\u00fcdung vor.<\/p>\n","protected":false},"featured_media":79541,"template":"","meta":{"_acf_changed":false},"product_brand":[744],"product_cat":[801],"product_tag":[],"class_list":{"0":"post-79539","1":"product","2":"type-product","3":"status-publish","4":"has-post-thumbnail","6":"product_brand-allgaeuer-latschenkiefer","7":"product_cat-a","8":"pa_packungsgroesse-500ml","10":"first","11":"instock","12":"shipping-taxable","13":"purchasable","14":"product-type-simple"},"acf":[],"_links":{"self":[{"href":"https:\/\/www.ernstbrunn-apotheke.at\/katalog\/wp-json\/wp\/v2\/product\/79539","targetHints":{"allow":["GET"]}}],"collection":[{"href":"https:\/\/www.ernstbrunn-apotheke.at\/katalog\/wp-json\/wp\/v2\/product"}],"about":[{"href":"https:\/\/www.ernstbrunn-apotheke.at\/katalog\/wp-json\/wp\/v2\/types\/product"}],"wp:featuredmedia":[{"embeddable":true,"href":"https:\/\/www.ernstbrunn-apotheke.at\/katalog\/wp-json\/wp\/v2\/media\/79541"}],"wp:attachment":[{"href":"https:\/\/www.ernstbrunn-apotheke.at\/katalog\/wp-json\/wp\/v2\/media?parent=79539"}],"wp:term":[{"taxonomy":"product_brand","embeddable":true,"href":"https:\/\/www.ernstbrunn-apotheke.at\/katalog\/wp-json\/wp\/v2\/product_brand?post=79539"},{"taxonomy":"product_cat","embeddable":true,"href":"https:\/\/www.ernstbrunn-apotheke.at\/katalog\/wp-json\/wp\/v2\/product_cat?post=79539"},{"taxonomy":"product_tag","embeddable":true,"href":"https:\/\/www.ernstbrunn-apotheke.at\/katalog\/wp-json\/wp\/v2\/product_tag?post=79539"}],"curies":[{"name":"wp","href":"https:\/\/api.w.org\/{rel}","templated":true}]}}