{"id":79530,"date":"2025-11-11T22:37:06","date_gmt":"2025-11-11T21:37:06","guid":{"rendered":"https:\/\/www.ernstbrunn-apotheke.at\/katalog\/produkt\/zeinpharma-granatapfel-extrakt-500-mg-kapseln-90-stk\/"},"modified":"2025-12-08T19:06:39","modified_gmt":"2025-12-08T18:06:39","slug":"zeinpharma-granatapfel-extrakt-500-mg-kapseln-90-stk","status":"publish","type":"product","link":"https:\/\/www.ernstbrunn-apotheke.at\/katalog\/produkt\/zeinpharma-granatapfel-extrakt-500-mg-kapseln-90-stk\/","title":{"rendered":"ZeinPharma Granatapfel Extrakt 500 mg Kapseln 90 Stk."},"content":{"rendered":"<p>ZeinPharma Granatapfel Extrakt 500 mg Kapseln erm\u00f6glicht es vom gesamten Wirkspektrum der ganzen Frucht zu profitieren. Sie liefern Ihnen hoch dosierte pflanzliche, nat\u00fcrliche Polyphenole. Der Granatapfel Extrakt in den Kapseln ist auf einen Polyphenol Gehalt von 50 Prozent standardisiert. Wenn Sie es nicht schaffen, jeden Tag frische Granat\u00e4pfel zu verzehren, sind die Granatapfel Kapseln genau das richtige f\u00fcr Sie. Sie kombinieren Nat\u00fcrlichkeit, Wirksamkeit und die praktische Anwendung.<\/p>\n","protected":false},"excerpt":{"rendered":"<p>ZeinPharma Granatapfel Extrakt 500 mg Kapseln erm\u00f6glicht es vom gesamten Wirkspektrum der ganzen Frucht zu profitieren. Sie liefern Ihnen hoch dosierte pflanzliche, nat\u00fcrliche Polyphenole. Der Granatapfel Extrakt in den Kapseln ist auf einen Polyphenol Gehalt von 50 Prozent standardisiert. Wenn Sie es nicht schaffen, jeden Tag frische Granat\u00e4pfel zu verzehren, sind die Granatapfel Kapseln genau [&hellip;]<\/p>\n","protected":false},"featured_media":79532,"template":"","meta":{"_acf_changed":false},"product_brand":[],"product_cat":[803],"product_tag":[],"class_list":{"0":"post-79530","1":"product","2":"type-product","3":"status-publish","4":"has-post-thumbnail","6":"product_cat-z","7":"pa_packungsgroesse-90-stueck","9":"first","10":"instock","11":"shipping-taxable","12":"purchasable","13":"product-type-simple"},"acf":[],"_links":{"self":[{"href":"https:\/\/www.ernstbrunn-apotheke.at\/katalog\/wp-json\/wp\/v2\/product\/79530","targetHints":{"allow":["GET"]}}],"collection":[{"href":"https:\/\/www.ernstbrunn-apotheke.at\/katalog\/wp-json\/wp\/v2\/product"}],"about":[{"href":"https:\/\/www.ernstbrunn-apotheke.at\/katalog\/wp-json\/wp\/v2\/types\/product"}],"wp:featuredmedia":[{"embeddable":true,"href":"https:\/\/www.ernstbrunn-apotheke.at\/katalog\/wp-json\/wp\/v2\/media\/79532"}],"wp:attachment":[{"href":"https:\/\/www.ernstbrunn-apotheke.at\/katalog\/wp-json\/wp\/v2\/media?parent=79530"}],"wp:term":[{"taxonomy":"product_brand","embeddable":true,"href":"https:\/\/www.ernstbrunn-apotheke.at\/katalog\/wp-json\/wp\/v2\/product_brand?post=79530"},{"taxonomy":"product_cat","embeddable":true,"href":"https:\/\/www.ernstbrunn-apotheke.at\/katalog\/wp-json\/wp\/v2\/product_cat?post=79530"},{"taxonomy":"product_tag","embeddable":true,"href":"https:\/\/www.ernstbrunn-apotheke.at\/katalog\/wp-json\/wp\/v2\/product_tag?post=79530"}],"curies":[{"name":"wp","href":"https:\/\/api.w.org\/{rel}","templated":true}]}}