{"id":79505,"date":"2025-11-11T22:36:13","date_gmt":"2025-11-11T21:36:13","guid":{"rendered":"https:\/\/www.ernstbrunn-apotheke.at\/katalog\/produkt\/bios-l-arginin-400-mg-kapseln\/"},"modified":"2025-12-08T19:06:29","modified_gmt":"2025-12-08T18:06:29","slug":"bios-l-arginin-400-mg-kapseln","status":"publish","type":"product","link":"https:\/\/www.ernstbrunn-apotheke.at\/katalog\/produkt\/bios-l-arginin-400-mg-kapseln\/","title":{"rendered":"Bios L-Arginin 400 mg Kapseln"},"content":{"rendered":"<p>Bios L-Arginin 400 mg Kapseln enthalten 400 mg L-Arginin in einer Hartgelatinekapsel. L-Arginin geh\u00f6rt zu den semi-essentiellen Aminos\u00e4uren und kommt vor allem in Nahrungsmitteln mit hohem Eiwei\u00dfanteil vor.<\/p>\n","protected":false},"excerpt":{"rendered":"<p>Bios L-Arginin 400 mg Kapseln enthalten 400 mg L-Arginin in einer Hartgelatinekapsel. L-Arginin geh\u00f6rt zu den semi-essentiellen Aminos\u00e4uren und kommt vor allem in Nahrungsmitteln mit hohem Eiwei\u00dfanteil vor.<\/p>\n","protected":false},"featured_media":79507,"template":"","meta":{"_acf_changed":false},"product_brand":[],"product_cat":[802],"product_tag":[],"class_list":{"0":"post-79505","1":"product","2":"type-product","3":"status-publish","4":"has-post-thumbnail","6":"product_cat-b","7":"pa_packungsgroesse-100-stueck","9":"first","10":"instock","11":"shipping-taxable","12":"purchasable","13":"product-type-simple"},"acf":[],"_links":{"self":[{"href":"https:\/\/www.ernstbrunn-apotheke.at\/katalog\/wp-json\/wp\/v2\/product\/79505","targetHints":{"allow":["GET"]}}],"collection":[{"href":"https:\/\/www.ernstbrunn-apotheke.at\/katalog\/wp-json\/wp\/v2\/product"}],"about":[{"href":"https:\/\/www.ernstbrunn-apotheke.at\/katalog\/wp-json\/wp\/v2\/types\/product"}],"wp:featuredmedia":[{"embeddable":true,"href":"https:\/\/www.ernstbrunn-apotheke.at\/katalog\/wp-json\/wp\/v2\/media\/79507"}],"wp:attachment":[{"href":"https:\/\/www.ernstbrunn-apotheke.at\/katalog\/wp-json\/wp\/v2\/media?parent=79505"}],"wp:term":[{"taxonomy":"product_brand","embeddable":true,"href":"https:\/\/www.ernstbrunn-apotheke.at\/katalog\/wp-json\/wp\/v2\/product_brand?post=79505"},{"taxonomy":"product_cat","embeddable":true,"href":"https:\/\/www.ernstbrunn-apotheke.at\/katalog\/wp-json\/wp\/v2\/product_cat?post=79505"},{"taxonomy":"product_tag","embeddable":true,"href":"https:\/\/www.ernstbrunn-apotheke.at\/katalog\/wp-json\/wp\/v2\/product_tag?post=79505"}],"curies":[{"name":"wp","href":"https:\/\/api.w.org\/{rel}","templated":true}]}}