{"id":79466,"date":"2025-11-11T22:36:13","date_gmt":"2025-11-11T21:36:13","guid":{"rendered":"https:\/\/www.ernstbrunn-apotheke.at\/katalog\/produkt\/zeinpharma-l-arginin-mono-pulver-180-g\/"},"modified":"2025-12-08T19:06:14","modified_gmt":"2025-12-08T18:06:14","slug":"zeinpharma-l-arginin-mono-pulver-180-g","status":"publish","type":"product","link":"https:\/\/www.ernstbrunn-apotheke.at\/katalog\/produkt\/zeinpharma-l-arginin-mono-pulver-180-g\/","title":{"rendered":"ZeinPharma L-Arginin Mono Pulver 180 g"},"content":{"rendered":"<p>ZeinPharma L-Arginin Mono Pulver versorgt Ihren K\u00f6rper optimal mit dem Eiwei\u00df-Baustein L-Arginin. Es handelt sich dabei um eine Aminos\u00e4ure, die der K\u00f6rper dazu nutzt, um K\u00f6rper-Protein aufzubauen. Unser K\u00f6rper besteht aus 15 Prozent aus Protein, welches man in der Haut, dem Bindegewebe, der Muskulatur &#8211; quasi im gesamten K\u00f6rper findet.<\/p>\n","protected":false},"excerpt":{"rendered":"<p>ZeinPharma L-Arginin Mono Pulver versorgt Ihren K\u00f6rper optimal mit dem Eiwei\u00df-Baustein L-Arginin. Es handelt sich dabei um eine Aminos\u00e4ure, die der K\u00f6rper dazu nutzt, um K\u00f6rper-Protein aufzubauen. Unser K\u00f6rper besteht aus 15 Prozent aus Protein, welches man in der Haut, dem Bindegewebe, der Muskulatur &#8211; quasi im gesamten K\u00f6rper findet.<\/p>\n","protected":false},"featured_media":79468,"template":"","meta":{"_acf_changed":false},"product_brand":[],"product_cat":[803],"product_tag":[],"class_list":{"0":"post-79466","1":"product","2":"type-product","3":"status-publish","4":"has-post-thumbnail","6":"product_cat-z","7":"pa_packungsgroesse-180g","9":"first","10":"instock","11":"shipping-taxable","12":"purchasable","13":"product-type-simple"},"acf":[],"_links":{"self":[{"href":"https:\/\/www.ernstbrunn-apotheke.at\/katalog\/wp-json\/wp\/v2\/product\/79466","targetHints":{"allow":["GET"]}}],"collection":[{"href":"https:\/\/www.ernstbrunn-apotheke.at\/katalog\/wp-json\/wp\/v2\/product"}],"about":[{"href":"https:\/\/www.ernstbrunn-apotheke.at\/katalog\/wp-json\/wp\/v2\/types\/product"}],"wp:featuredmedia":[{"embeddable":true,"href":"https:\/\/www.ernstbrunn-apotheke.at\/katalog\/wp-json\/wp\/v2\/media\/79468"}],"wp:attachment":[{"href":"https:\/\/www.ernstbrunn-apotheke.at\/katalog\/wp-json\/wp\/v2\/media?parent=79466"}],"wp:term":[{"taxonomy":"product_brand","embeddable":true,"href":"https:\/\/www.ernstbrunn-apotheke.at\/katalog\/wp-json\/wp\/v2\/product_brand?post=79466"},{"taxonomy":"product_cat","embeddable":true,"href":"https:\/\/www.ernstbrunn-apotheke.at\/katalog\/wp-json\/wp\/v2\/product_cat?post=79466"},{"taxonomy":"product_tag","embeddable":true,"href":"https:\/\/www.ernstbrunn-apotheke.at\/katalog\/wp-json\/wp\/v2\/product_tag?post=79466"}],"curies":[{"name":"wp","href":"https:\/\/api.w.org\/{rel}","templated":true}]}}