{"id":79431,"date":"2025-11-11T22:35:09","date_gmt":"2025-11-11T21:35:09","guid":{"rendered":"https:\/\/www.ernstbrunn-apotheke.at\/katalog\/produkt\/dr-grubers-power-flash-schokolade-1000-g\/"},"modified":"2025-12-08T19:06:06","modified_gmt":"2025-12-08T18:06:06","slug":"dr-grubers-power-flash-schokolade-1000-g","status":"publish","type":"product","link":"https:\/\/www.ernstbrunn-apotheke.at\/katalog\/produkt\/dr-grubers-power-flash-schokolade-1000-g\/","title":{"rendered":"Dr. Grubers POWER-FLASH Schokolade 1000 g"},"content":{"rendered":"<p>Dr. Grubers POWER Flash mit feinem Schokoladengeschmack ist ein Multivitamin-Mineralstoffprodukt, das eine Vielzahl von lebenswichtigen Mikron\u00e4hrstoffen beinhaltet und sich besonders gut f\u00fcr Menschen mit einem erh\u00f6hten Mikron\u00e4hrstoffbedarf, wie z.B. Sportlern, eignet. Aber auch bei einem Mehrbedarf ohne k\u00f6rperlicher Belastung, wie Di\u00e4ten, Schwangerschaft, Alter und Wachstum ist die t\u00e4gliche Einnahme eines Multipr\u00e4parats empfehlenswert, um selbst den kleinsten Vitalstoffbedarf abzudecken. Das Produkt ist Gluten-, Laktose- und Gentechnikfrei, enth\u00e4lt keine k\u00fcnstlichen Farb- und Konservierungsstoffe und ist auch f\u00fcr Vegetarier geeignet<\/p>\n","protected":false},"excerpt":{"rendered":"<p>Dr. Grubers POWER Flash mit feinem Schokoladengeschmack ist ein Multivitamin-Mineralstoffprodukt, das eine Vielzahl von lebenswichtigen Mikron\u00e4hrstoffen beinhaltet und sich besonders gut f\u00fcr Menschen mit einem erh\u00f6hten Mikron\u00e4hrstoffbedarf, wie z.B. Sportlern, eignet. Aber auch bei einem Mehrbedarf ohne k\u00f6rperlicher Belastung, wie Di\u00e4ten, Schwangerschaft, Alter und Wachstum ist die t\u00e4gliche Einnahme eines Multipr\u00e4parats empfehlenswert, um selbst den [&hellip;]<\/p>\n","protected":false},"featured_media":79433,"template":"","meta":{"_acf_changed":false},"product_brand":[],"product_cat":[792],"product_tag":[],"class_list":{"0":"post-79431","1":"product","2":"type-product","3":"status-publish","4":"has-post-thumbnail","6":"product_cat-d","7":"pa_packungsgroesse-1kg","9":"first","10":"instock","11":"shipping-taxable","12":"purchasable","13":"product-type-simple"},"acf":[],"_links":{"self":[{"href":"https:\/\/www.ernstbrunn-apotheke.at\/katalog\/wp-json\/wp\/v2\/product\/79431","targetHints":{"allow":["GET"]}}],"collection":[{"href":"https:\/\/www.ernstbrunn-apotheke.at\/katalog\/wp-json\/wp\/v2\/product"}],"about":[{"href":"https:\/\/www.ernstbrunn-apotheke.at\/katalog\/wp-json\/wp\/v2\/types\/product"}],"wp:featuredmedia":[{"embeddable":true,"href":"https:\/\/www.ernstbrunn-apotheke.at\/katalog\/wp-json\/wp\/v2\/media\/79433"}],"wp:attachment":[{"href":"https:\/\/www.ernstbrunn-apotheke.at\/katalog\/wp-json\/wp\/v2\/media?parent=79431"}],"wp:term":[{"taxonomy":"product_brand","embeddable":true,"href":"https:\/\/www.ernstbrunn-apotheke.at\/katalog\/wp-json\/wp\/v2\/product_brand?post=79431"},{"taxonomy":"product_cat","embeddable":true,"href":"https:\/\/www.ernstbrunn-apotheke.at\/katalog\/wp-json\/wp\/v2\/product_cat?post=79431"},{"taxonomy":"product_tag","embeddable":true,"href":"https:\/\/www.ernstbrunn-apotheke.at\/katalog\/wp-json\/wp\/v2\/product_tag?post=79431"}],"curies":[{"name":"wp","href":"https:\/\/api.w.org\/{rel}","templated":true}]}}