{"id":79418,"date":"2025-11-11T22:35:09","date_gmt":"2025-11-11T21:35:09","guid":{"rendered":"https:\/\/www.ernstbrunn-apotheke.at\/katalog\/produkt\/lemon-pharma-bachblueten-tropfen-10-ml-nr-39-fuer-alle-faelle\/"},"modified":"2025-12-08T19:06:02","modified_gmt":"2025-12-08T18:06:02","slug":"lemon-pharma-bachblueten-tropfen-10-ml-nr-39-fuer-alle-faelle","status":"publish","type":"product","link":"https:\/\/www.ernstbrunn-apotheke.at\/katalog\/produkt\/lemon-pharma-bachblueten-tropfen-10-ml-nr-39-fuer-alle-faelle\/","title":{"rendered":"Lemon Pharma Bachbl\u00fcten Tropfen 10 ml Nr. 39 F\u00fcr alle F\u00e4lle"},"content":{"rendered":"<p>Lemon Pharma ist ein junges und innovatives Unternehmen, das sich auf Entwicklung, Herstellung und Vertrieb von Produkten f\u00fcr den Gesundheitsmarkt spezialisiert hat. Das 2003 gegr\u00fcndete Unternehmen hat seinen Hauptsitz in D\u00fcsseldorf und vertreibt seine Produkte europaweit ausschlie\u00dflich \u00fcber Apotheken.<\/p>\n","protected":false},"excerpt":{"rendered":"<p>Lemon Pharma ist ein junges und innovatives Unternehmen, das sich auf Entwicklung, Herstellung und Vertrieb von Produkten f\u00fcr den Gesundheitsmarkt spezialisiert hat. Das 2003 gegr\u00fcndete Unternehmen hat seinen Hauptsitz in D\u00fcsseldorf und vertreibt seine Produkte europaweit ausschlie\u00dflich \u00fcber Apotheken.<\/p>\n","protected":false},"featured_media":79420,"template":"","meta":{"_acf_changed":false},"product_brand":[],"product_cat":[795],"product_tag":[],"class_list":{"0":"post-79418","1":"product","2":"type-product","3":"status-publish","4":"has-post-thumbnail","6":"product_cat-l","7":"pa_packungsgroesse-10ml","9":"first","10":"instock","11":"shipping-taxable","12":"purchasable","13":"product-type-simple"},"acf":[],"_links":{"self":[{"href":"https:\/\/www.ernstbrunn-apotheke.at\/katalog\/wp-json\/wp\/v2\/product\/79418","targetHints":{"allow":["GET"]}}],"collection":[{"href":"https:\/\/www.ernstbrunn-apotheke.at\/katalog\/wp-json\/wp\/v2\/product"}],"about":[{"href":"https:\/\/www.ernstbrunn-apotheke.at\/katalog\/wp-json\/wp\/v2\/types\/product"}],"wp:featuredmedia":[{"embeddable":true,"href":"https:\/\/www.ernstbrunn-apotheke.at\/katalog\/wp-json\/wp\/v2\/media\/79420"}],"wp:attachment":[{"href":"https:\/\/www.ernstbrunn-apotheke.at\/katalog\/wp-json\/wp\/v2\/media?parent=79418"}],"wp:term":[{"taxonomy":"product_brand","embeddable":true,"href":"https:\/\/www.ernstbrunn-apotheke.at\/katalog\/wp-json\/wp\/v2\/product_brand?post=79418"},{"taxonomy":"product_cat","embeddable":true,"href":"https:\/\/www.ernstbrunn-apotheke.at\/katalog\/wp-json\/wp\/v2\/product_cat?post=79418"},{"taxonomy":"product_tag","embeddable":true,"href":"https:\/\/www.ernstbrunn-apotheke.at\/katalog\/wp-json\/wp\/v2\/product_tag?post=79418"}],"curies":[{"name":"wp","href":"https:\/\/api.w.org\/{rel}","templated":true}]}}