{"id":79414,"date":"2025-11-11T22:35:09","date_gmt":"2025-11-11T21:35:09","guid":{"rendered":"https:\/\/www.ernstbrunn-apotheke.at\/katalog\/produkt\/megamax-trinkgelatine-400-g\/"},"modified":"2025-12-08T19:06:01","modified_gmt":"2025-12-08T18:06:01","slug":"megamax-trinkgelatine-400-g","status":"publish","type":"product","link":"https:\/\/www.ernstbrunn-apotheke.at\/katalog\/produkt\/megamax-trinkgelatine-400-g\/","title":{"rendered":"Megamax Trinkgelatine 400 g"},"content":{"rendered":"<p>Megamax wurde von Apothekern, \u00c4rzten und Ern\u00e4hrungswissenschaftlern nach neuesten wissenschaftlichen Erkenntnissen entwickelt und bietet Sportlernahrung und Di\u00e4tprodukte in pharmazeutischer Qualit\u00e4t.<\/p>\n","protected":false},"excerpt":{"rendered":"<p>Megamax wurde von Apothekern, \u00c4rzten und Ern\u00e4hrungswissenschaftlern nach neuesten wissenschaftlichen Erkenntnissen entwickelt und bietet Sportlernahrung und Di\u00e4tprodukte in pharmazeutischer Qualit\u00e4t.<\/p>\n","protected":false},"featured_media":79416,"template":"","meta":{"_acf_changed":false},"product_brand":[],"product_cat":[800],"product_tag":[],"class_list":{"0":"post-79414","1":"product","2":"type-product","3":"status-publish","4":"has-post-thumbnail","6":"product_cat-m","7":"pa_geschmack-orange","8":"pa_packungsgroesse-400g","10":"first","11":"instock","12":"shipping-taxable","13":"purchasable","14":"product-type-simple"},"acf":[],"_links":{"self":[{"href":"https:\/\/www.ernstbrunn-apotheke.at\/katalog\/wp-json\/wp\/v2\/product\/79414","targetHints":{"allow":["GET"]}}],"collection":[{"href":"https:\/\/www.ernstbrunn-apotheke.at\/katalog\/wp-json\/wp\/v2\/product"}],"about":[{"href":"https:\/\/www.ernstbrunn-apotheke.at\/katalog\/wp-json\/wp\/v2\/types\/product"}],"wp:featuredmedia":[{"embeddable":true,"href":"https:\/\/www.ernstbrunn-apotheke.at\/katalog\/wp-json\/wp\/v2\/media\/79416"}],"wp:attachment":[{"href":"https:\/\/www.ernstbrunn-apotheke.at\/katalog\/wp-json\/wp\/v2\/media?parent=79414"}],"wp:term":[{"taxonomy":"product_brand","embeddable":true,"href":"https:\/\/www.ernstbrunn-apotheke.at\/katalog\/wp-json\/wp\/v2\/product_brand?post=79414"},{"taxonomy":"product_cat","embeddable":true,"href":"https:\/\/www.ernstbrunn-apotheke.at\/katalog\/wp-json\/wp\/v2\/product_cat?post=79414"},{"taxonomy":"product_tag","embeddable":true,"href":"https:\/\/www.ernstbrunn-apotheke.at\/katalog\/wp-json\/wp\/v2\/product_tag?post=79414"}],"curies":[{"name":"wp","href":"https:\/\/api.w.org\/{rel}","templated":true}]}}