{"id":79405,"date":"2025-11-11T22:34:42","date_gmt":"2025-11-11T21:34:42","guid":{"rendered":"https:\/\/www.ernstbrunn-apotheke.at\/katalog\/produkt\/gall-pharma-zinkorotat-kapseln-60mg-90-stk\/"},"modified":"2025-12-08T19:05:54","modified_gmt":"2025-12-08T18:05:54","slug":"gall-pharma-zinkorotat-kapseln-60mg-90-stk","status":"publish","type":"product","link":"https:\/\/www.ernstbrunn-apotheke.at\/katalog\/produkt\/gall-pharma-zinkorotat-kapseln-60mg-90-stk\/","title":{"rendered":"Gall Pharma Zinkorotat Kapseln 60mg 90 Stk."},"content":{"rendered":"<p>Zinkorotat 60 mg GPH Kapseln enthalten 60 mg Zinkorotat dihydrat, das entspricht 9,6 mg Zink. Zink tr\u00e4gt zu einer normalen Funktion des Immunsystems bei, hat eine Funktion bei der Zellteilung und tr\u00e4gt au\u00dferdem dazu bei, die Zellen vor oxidativem Stress zu sch\u00fctzen und normale Knochen, Haare, N\u00e4gel, Haut und Sehkraft zu erhalten. Ebenso tr\u00e4gt Zink zur Erhaltung eines normalen Testosteronspiegels im Blut und zu einer normalen Fruchtbarkeit und Reproduktion bei.<\/p>\n","protected":false},"excerpt":{"rendered":"<p>Zinkorotat 60 mg GPH Kapseln enthalten 60 mg Zinkorotat dihydrat, das entspricht 9,6 mg Zink. Zink tr\u00e4gt zu einer normalen Funktion des Immunsystems bei, hat eine Funktion bei der Zellteilung und tr\u00e4gt au\u00dferdem dazu bei, die Zellen vor oxidativem Stress zu sch\u00fctzen und normale Knochen, Haare, N\u00e4gel, Haut und Sehkraft zu erhalten. Ebenso tr\u00e4gt Zink [&hellip;]<\/p>\n","protected":false},"featured_media":79407,"template":"","meta":{"_acf_changed":false},"product_brand":[371],"product_cat":[810],"product_tag":[],"class_list":{"0":"post-79405","1":"product","2":"type-product","3":"status-publish","4":"has-post-thumbnail","6":"product_brand-gall-pharma","7":"product_cat-g","8":"pa_packungsgroesse-90-stueck","10":"first","11":"instock","12":"shipping-taxable","13":"purchasable","14":"product-type-simple"},"acf":[],"_links":{"self":[{"href":"https:\/\/www.ernstbrunn-apotheke.at\/katalog\/wp-json\/wp\/v2\/product\/79405","targetHints":{"allow":["GET"]}}],"collection":[{"href":"https:\/\/www.ernstbrunn-apotheke.at\/katalog\/wp-json\/wp\/v2\/product"}],"about":[{"href":"https:\/\/www.ernstbrunn-apotheke.at\/katalog\/wp-json\/wp\/v2\/types\/product"}],"wp:featuredmedia":[{"embeddable":true,"href":"https:\/\/www.ernstbrunn-apotheke.at\/katalog\/wp-json\/wp\/v2\/media\/79407"}],"wp:attachment":[{"href":"https:\/\/www.ernstbrunn-apotheke.at\/katalog\/wp-json\/wp\/v2\/media?parent=79405"}],"wp:term":[{"taxonomy":"product_brand","embeddable":true,"href":"https:\/\/www.ernstbrunn-apotheke.at\/katalog\/wp-json\/wp\/v2\/product_brand?post=79405"},{"taxonomy":"product_cat","embeddable":true,"href":"https:\/\/www.ernstbrunn-apotheke.at\/katalog\/wp-json\/wp\/v2\/product_cat?post=79405"},{"taxonomy":"product_tag","embeddable":true,"href":"https:\/\/www.ernstbrunn-apotheke.at\/katalog\/wp-json\/wp\/v2\/product_tag?post=79405"}],"curies":[{"name":"wp","href":"https:\/\/api.w.org\/{rel}","templated":true}]}}